
{"id":817,"date":"2018-08-16T17:04:02","date_gmt":"2018-08-16T15:04:02","guid":{"rendered":"https:\/\/www.segriapap.cat\/?page_id=817"},"modified":"2018-10-04T12:04:00","modified_gmt":"2018-10-04T10:04:00","slug":"calendario","status":"publish","type":"page","link":"https:\/\/www.segriapap.cat\/es\/recogida\/enlaces-descargas\/calendario\/","title":{"rendered":"Calendario"},"content":{"rendered":"\t\t<div data-elementor-type=\"wp-post\" data-elementor-id=\"817\" class=\"elementor elementor-817 elementor-bc-flex-widget\" data-elementor-post-type=\"page\">\n\t\t\t\t\t\t<section class=\"has_ae_slider elementor-section elementor-top-section elementor-element elementor-element-50622fa6 elementor-section-boxed elementor-section-height-default elementor-section-height-default ae-bg-gallery-type-default\" data-id=\"50622fa6\" data-element_type=\"section\" data-e-type=\"section\">\n\t\t\t\t\t\t<div class=\"elementor-container elementor-column-gap-default\">\n\t\t\t\t\t<div class=\"has_ae_slider elementor-column elementor-col-50 elementor-top-column elementor-element elementor-element-2fdcd813 ae-bg-gallery-type-default\" data-id=\"2fdcd813\" data-element_type=\"column\" data-e-type=\"column\">\n\t\t\t<div class=\"elementor-widget-wrap elementor-element-populated\">\n\t\t\t\t\t\t<div class=\"elementor-element elementor-element-78dc0777 zoom50 elementor-widget elementor-widget-image\" data-id=\"78dc0777\" data-element_type=\"widget\" data-e-type=\"widget\" data-widget_type=\"image.default\">\n\t\t\t\t<div class=\"elementor-widget-container\">\n\t\t\t\t\t\t\t\t\t\t\t\t\t\t\t<img decoding=\"async\" width=\"97\" height=\"97\" src=\"https:\/\/www.segriapap.cat\/es\/wp-content\/uploads\/sites\/2\/css-recollida-enllac\u0327os.png\" class=\"attachment-full size-full wp-image-659\" alt=\"\" \/>\t\t\t\t\t\t\t\t\t\t\t\t\t\t\t<\/div>\n\t\t\t\t<\/div>\n\t\t\t\t<div class=\"elementor-element elementor-element-23da53ef mida16 colorgris interlinia12 elementor-widget elementor-widget-heading\" data-id=\"23da53ef\" data-element_type=\"widget\" data-e-type=\"widget\" data-widget_type=\"heading.default\">\n\t\t\t\t<div class=\"elementor-widget-container\">\n\t\t\t\t\t<h1 class=\"elementor-heading-title elementor-size-default\">Enlaces y<br> descargas<\/h1>\t\t\t\t<\/div>\n\t\t\t\t<\/div>\n\t\t\t\t\t<\/div>\n\t\t<\/div>\n\t\t\t\t<div class=\"has_ae_slider elementor-column elementor-col-50 elementor-top-column elementor-element elementor-element-418eb969 column_contentkit relative ae-bg-gallery-type-default\" data-id=\"418eb969\" data-element_type=\"column\" data-e-type=\"column\">\n\t\t\t<div class=\"elementor-widget-wrap elementor-element-populated\">\n\t\t\t\t\t\t<section class=\"has_ae_slider elementor-section elementor-inner-section elementor-element elementor-element-5b5d39b0 elementor-section-boxed elementor-section-height-default elementor-section-height-default ae-bg-gallery-type-default\" data-id=\"5b5d39b0\" data-element_type=\"section\" data-e-type=\"section\">\n\t\t\t\t\t\t<div class=\"elementor-container elementor-column-gap-default\">\n\t\t\t\t\t<div class=\"has_ae_slider elementor-column elementor-col-33 elementor-inner-column elementor-element elementor-element-13d7a667 ae-bg-gallery-type-default\" data-id=\"13d7a667\" data-element_type=\"column\" data-e-type=\"column\">\n\t\t\t<div class=\"elementor-widget-wrap elementor-element-populated\">\n\t\t\t\t\t\t<div class=\"elementor-element elementor-element-483d7b7 elementor-widget elementor-widget-text-editor\" data-id=\"483d7b7\" data-element_type=\"widget\" data-e-type=\"widget\" data-widget_type=\"text-editor.default\">\n\t\t\t\t<div class=\"elementor-widget-container\">\n\t\t\t\t\t\t\t\t\t<p><a href=\"https:\/\/www.segriapap.cat\/es\/mi-municipio\/alcarras\/descargas\/\">ALCARR\u00c0S<\/a><\/p><p><a href=\"https:\/\/www.segriapap.cat\/es\/mi-municipio\/alfarras\/descargas\/\">ALFARR\u00c0S<\/a><\/p><p><a href=\"https:\/\/www.segriapap.cat\/es\/mi-municipio\/alguaire\/descargas\/\">ALGUAIRE<\/a><\/p><p><a href=\"https:\/\/www.segriapap.cat\/es\/mi-municipio\/almatret\/descargas\/\">ALMATRET<\/a><\/p><p><a href=\"https:\/\/www.segriapap.cat\/es\/mi-municipio\/almenar\/descargas\/\">ALMENAR<\/a><\/p><p><a href=\"https:\/\/www.segriapap.cat\/es\/mi-municipio\/artesa-de-lleida\/descargas\/\">ARTESA DE LLEIDA<\/a><\/p><p><a href=\"https:\/\/www.segriapap.cat\/es\/mi-municipio\/aspa\/descargas\/\">ASPA<\/a><\/p><p><a href=\"https:\/\/www.segriapap.cat\/es\/mi-municipio\/corbins\/descargas\/\">CORBINS<\/a><\/p>\t\t\t\t\t\t\t\t<\/div>\n\t\t\t\t<\/div>\n\t\t\t\t\t<\/div>\n\t\t<\/div>\n\t\t\t\t<div class=\"has_ae_slider elementor-column elementor-col-33 elementor-inner-column elementor-element elementor-element-3b7ca2c3 ae-bg-gallery-type-default\" data-id=\"3b7ca2c3\" data-element_type=\"column\" data-e-type=\"column\">\n\t\t\t<div class=\"elementor-widget-wrap elementor-element-populated\">\n\t\t\t\t\t\t<div class=\"elementor-element elementor-element-2252599 elementor-widget elementor-widget-text-editor\" data-id=\"2252599\" data-element_type=\"widget\" data-e-type=\"widget\" data-widget_type=\"text-editor.default\">\n\t\t\t\t<div class=\"elementor-widget-container\">\n\t\t\t\t\t\t\t\t\t<p><a href=\"https:\/\/www.segriapap.cat\/es\/mi-municipio\/els-alamus\/descargas\/\">ELS ALAM\u00daS<\/a><\/p><p><a href=\"https:\/\/www.segriapap.cat\/es\/mi-municipio\/la-granja-escarp\/descargas\/\">LA GRANJA D&#8217;ESCARP<\/a><\/p><p><a href=\"https:\/\/www.segriapap.cat\/es\/mi-municipio\/la-portella\/descargas\/\">LA PORTELLA<\/a><\/p><p><a href=\"https:\/\/www.segriapap.cat\/es\/mi-municipio\/llardecans\/descargas\/\">LLARDECANS<\/a><\/p><p><a href=\"https:\/\/www.segriapap.cat\/es\/mi-municipio\/maials\/descargas\/\">MAIALS<\/a><\/p><p><a href=\"https:\/\/www.segriapap.cat\/es\/mi-municipio\/massalcoreig\/descargas\/\">MASSALCOREIG<\/a><\/p><p><a href=\"https:\/\/www.segriapap.cat\/es\/mi-municipio\/montoliu\/descargas\/\">MONTOLIU DE LLEIDA<\/a><\/p><p><a href=\"https:\/\/www.segriapap.cat\/es\/mi-municipio\/puigverd\/descargas\/\">PUIGVERD DE LLEIDA<\/a><\/p>\t\t\t\t\t\t\t\t<\/div>\n\t\t\t\t<\/div>\n\t\t\t\t\t<\/div>\n\t\t<\/div>\n\t\t\t\t<div class=\"has_ae_slider elementor-column elementor-col-33 elementor-inner-column elementor-element elementor-element-67364c8 ae-bg-gallery-type-default\" data-id=\"67364c8\" data-element_type=\"column\" data-e-type=\"column\">\n\t\t\t<div class=\"elementor-widget-wrap elementor-element-populated\">\n\t\t\t\t\t\t<div class=\"elementor-element elementor-element-479c04f0 elementor-widget elementor-widget-text-editor\" data-id=\"479c04f0\" data-element_type=\"widget\" data-e-type=\"widget\" data-widget_type=\"text-editor.default\">\n\t\t\t\t<div class=\"elementor-widget-container\">\n\t\t\t\t\t\t\t\t\t<p><a href=\"https:\/\/www.segriapap.cat\/es\/mi-municipio\/sarroca\/descargas\/\">SARROCA DE LLEIDA<\/a><\/p><p><a href=\"https:\/\/www.segriapap.cat\/es\/mi-municipio\/seros\/descargas\/\">SER\u00d2S<\/a><\/p><p><a href=\"https:\/\/www.segriapap.cat\/es\/mi-municipio\/soses\/descargas\/\">SOSES<\/a><\/p><p><a href=\"https:\/\/www.segriapap.cat\/es\/mi-municipio\/sudanell\/descargas\/\">SUDANELL<\/a><\/p><p><a href=\"https:\/\/www.segriapap.cat\/es\/mi-municipio\/sunyer\/descargas\/\">SUNYER<\/a><\/p><p><a href=\"https:\/\/www.segriapap.cat\/es\/mi-municipio\/torrebesses\/descargas\/\">TORREBESSES<\/a><\/p>\t\t\t\t\t\t\t\t<\/div>\n\t\t\t\t<\/div>\n\t\t\t\t\t<\/div>\n\t\t<\/div>\n\t\t\t\t\t<\/div>\n\t\t<\/section>\n\t\t\t\t<div class=\"elementor-element elementor-element-7c9e1137 elementor-widget elementor-widget-image\" data-id=\"7c9e1137\" data-element_type=\"widget\" data-e-type=\"widget\" data-widget_type=\"image.default\">\n\t\t\t\t<div class=\"elementor-widget-container\">\n\t\t\t\t\t\t\t\t\t\t\t\t\t\t\t\t<a href=\"https:\/\/www.segriapap.cat\/es\/recogida\/enlaces-descargas\/\">\n\t\t\t\t\t\t\t<img decoding=\"async\" width=\"62\" height=\"40\" src=\"https:\/\/www.segriapap.cat\/es\/wp-content\/uploads\/sites\/2\/css-fletxa.png\" class=\"attachment-full size-full wp-image-175\" alt=\"\" \/>\t\t\t\t\t\t\t\t<\/a>\n\t\t\t\t\t\t\t\t\t\t\t\t\t\t\t<\/div>\n\t\t\t\t<\/div>\n\t\t\t\t\t<\/div>\n\t\t<\/div>\n\t\t\t\t\t<\/div>\n\t\t<\/section>\n\t\t\t\t<\/div>\n\t\t","protected":false},"excerpt":{"rendered":"<p>Enlaces y descargas ALCARR\u00c0S ALFARR\u00c0S ALGUAIRE ALMATRET ALMENAR ARTESA DE LLEIDA ASPA CORBINS ELS ALAM\u00daS LA GRANJA D&#8217;ESCARP LA PORTELLA LLARDECANS MAIALS MASSALCOREIG MONTOLIU DE LLEIDA PUIGVERD DE LLEIDA SARROCA DE LLEIDA SER\u00d2S SOSES SUDANELL SUNYER TORREBESSES<\/p>\n","protected":false},"author":1,"featured_media":659,"parent":61,"menu_order":0,"comment_status":"closed","ping_status":"closed","template":"","meta":{"_acf_changed":false,"footnotes":""},"class_list":["post-817","page","type-page","status-publish","has-post-thumbnail"],"acf":[],"_links":{"self":[{"href":"https:\/\/www.segriapap.cat\/es\/wp-json\/wp\/v2\/pages\/817","targetHints":{"allow":["GET"]}}],"collection":[{"href":"https:\/\/www.segriapap.cat\/es\/wp-json\/wp\/v2\/pages"}],"about":[{"href":"https:\/\/www.segriapap.cat\/es\/wp-json\/wp\/v2\/types\/page"}],"author":[{"embeddable":true,"href":"https:\/\/www.segriapap.cat\/es\/wp-json\/wp\/v2\/users\/1"}],"replies":[{"embeddable":true,"href":"https:\/\/www.segriapap.cat\/es\/wp-json\/wp\/v2\/comments?post=817"}],"version-history":[{"count":12,"href":"https:\/\/www.segriapap.cat\/es\/wp-json\/wp\/v2\/pages\/817\/revisions"}],"predecessor-version":[{"id":1736,"href":"https:\/\/www.segriapap.cat\/es\/wp-json\/wp\/v2\/pages\/817\/revisions\/1736"}],"up":[{"embeddable":true,"href":"https:\/\/www.segriapap.cat\/es\/wp-json\/wp\/v2\/pages\/61"}],"wp:featuredmedia":[{"embeddable":true,"href":"https:\/\/www.segriapap.cat\/es\/wp-json\/wp\/v2\/media\/659"}],"wp:attachment":[{"href":"https:\/\/www.segriapap.cat\/es\/wp-json\/wp\/v2\/media?parent=817"}],"curies":[{"name":"wp","href":"https:\/\/api.w.org\/{rel}","templated":true}]}}