
{"id":58,"date":"2018-08-04T10:51:23","date_gmt":"2018-08-04T08:51:23","guid":{"rendered":"https:\/\/www.segriapap.cat\/?page_id=58"},"modified":"2025-09-01T14:04:05","modified_gmt":"2025-09-01T12:04:05","slug":"punto-limpio-deixalleria","status":"publish","type":"page","link":"https:\/\/www.segriapap.cat\/es\/recogida\/punto-limpio-deixalleria\/","title":{"rendered":"Punto Limpio (Deixalleria)"},"content":{"rendered":"\t\t<div data-elementor-type=\"wp-post\" data-elementor-id=\"58\" class=\"elementor elementor-58\" data-elementor-post-type=\"page\">\n\t\t\t\t\t\t<section class=\"has_ae_slider elementor-section elementor-top-section elementor-element elementor-element-51629d3c elementor-section-boxed elementor-section-height-default elementor-section-height-default ae-bg-gallery-type-default\" data-id=\"51629d3c\" data-element_type=\"section\" data-e-type=\"section\">\n\t\t\t\t\t\t<div class=\"elementor-container elementor-column-gap-default\">\n\t\t\t\t\t<div class=\"has_ae_slider elementor-column elementor-col-50 elementor-top-column elementor-element elementor-element-33b65b8c ae-bg-gallery-type-default\" data-id=\"33b65b8c\" data-element_type=\"column\" data-e-type=\"column\">\n\t\t\t<div class=\"elementor-widget-wrap elementor-element-populated\">\n\t\t\t\t\t\t<div class=\"elementor-element elementor-element-3a9db0ce elementor-widget elementor-widget-image\" data-id=\"3a9db0ce\" data-element_type=\"widget\" data-e-type=\"widget\" data-widget_type=\"image.default\">\n\t\t\t\t<div class=\"elementor-widget-container\">\n\t\t\t\t\t\t\t\t\t\t\t\t\t\t\t<img decoding=\"async\" width=\"88\" height=\"95\" src=\"https:\/\/www.segriapap.cat\/es\/wp-content\/uploads\/sites\/2\/css-recollida-deixalleries.png\" class=\"attachment-full size-full wp-image-658\" alt=\"\" \/>\t\t\t\t\t\t\t\t\t\t\t\t\t\t\t<\/div>\n\t\t\t\t<\/div>\n\t\t\t\t<div class=\"elementor-element elementor-element-36310438 mida16 colorgris elementor-widget elementor-widget-heading\" data-id=\"36310438\" data-element_type=\"widget\" data-e-type=\"widget\" data-widget_type=\"heading.default\">\n\t\t\t\t<div class=\"elementor-widget-container\">\n\t\t\t\t\t<h1 class=\"elementor-heading-title elementor-size-default\">Punto Limpio (Deixalleria)<\/h1>\t\t\t\t<\/div>\n\t\t\t\t<\/div>\n\t\t\t\t\t<\/div>\n\t\t<\/div>\n\t\t\t\t<div class=\"has_ae_slider elementor-column elementor-col-50 elementor-top-column elementor-element elementor-element-76d6936f column_contentkit relative ae-bg-gallery-type-default\" data-id=\"76d6936f\" data-element_type=\"column\" data-e-type=\"column\">\n\t\t\t<div class=\"elementor-widget-wrap elementor-element-populated\">\n\t\t\t\t\t\t<div class=\"elementor-element elementor-element-43667517 mida16 tradebold colorgris  elementor-widget elementor-widget-heading\" data-id=\"43667517\" data-element_type=\"widget\" data-e-type=\"widget\" data-widget_type=\"heading.default\">\n\t\t\t\t<div class=\"elementor-widget-container\">\n\t\t\t\t\t<h2 class=\"elementor-heading-title elementor-size-default\">PUNTOS LIMPIOS FIJOS (DEIXALLERIES)\n<\/h2>\t\t\t\t<\/div>\n\t\t\t\t<\/div>\n\t\t\t\t<div class=\"elementor-element elementor-element-1fb562da mida16 interlinia13 elementor-widget elementor-widget-text-editor\" data-id=\"1fb562da\" data-element_type=\"widget\" data-e-type=\"widget\" data-widget_type=\"text-editor.default\">\n\t\t\t\t<div class=\"elementor-widget-container\">\n\t\t\t\t\t\t\t\t\t<p>\u2028Los puntos limpios son instalaciones de recepci\u00f3n y de almacenamiento selectivo de productos destinados a la reutilizaci\u00f3n y a recibir tratamiento que no son objeto de la recogida domiciliaria.<\/p>\t\t\t\t\t\t\t\t<\/div>\n\t\t\t\t<\/div>\n\t\t\t\t<div class=\"elementor-element elementor-element-ea18c94 mida16 colorgris tradebold elementor-widget elementor-widget-heading\" data-id=\"ea18c94\" data-element_type=\"widget\" data-e-type=\"widget\" data-widget_type=\"heading.default\">\n\t\t\t\t<div class=\"elementor-widget-container\">\n\t\t\t\t\t<p class=\"elementor-heading-title elementor-size-default\">\u00bfQu\u00e9 podemos llevar al punto limpio?<\/p>\t\t\t\t<\/div>\n\t\t\t\t<\/div>\n\t\t\t\t<div class=\"elementor-element elementor-element-1515653 mida16 interlinia13 negretaverd elementor-widget elementor-widget-text-editor\" data-id=\"1515653\" data-element_type=\"widget\" data-e-type=\"widget\" data-widget_type=\"text-editor.default\">\n\t\t\t\t<div class=\"elementor-widget-container\">\n\t\t\t\t\t\t\t\t\t<p><strong>Residuos especiales:<\/strong> bombillas y fluorescentes, bater\u00edas, disolventes, pinturas y barnices, pilas, neum\u00e1ticos, radiograf\u00edas, CD y DVD, t\u00f3neres, cartuchos de tinta&#8230;<br \/><strong>Residuos voluminosos:<\/strong> muebles, electrodom\u00e9sticos, ordenadores, peque\u00f1os electrodom\u00e9sticos, aparatos electr\u00f3nicos,&#8230;<br \/><strong>Residuos municipales y asimilables:<\/strong> papel y cart\u00f3n, envases ligeros, pl\u00e1sticos, vidrio, chatarra y metales, t\u00e9xtiles, aceites vegetales usados.<br \/><strong>Otros residuos municipales:<\/strong> maderas, escombros y restos de la construcci\u00f3n de obras menores, restos de poda o jardiner\u00eda.<\/p>\t\t\t\t\t\t\t\t<\/div>\n\t\t\t\t<\/div>\n\t\t\t\t<div class=\"elementor-element elementor-element-e8c3cb6 mida16 interlinia13 elementor-widget elementor-widget-text-editor\" data-id=\"e8c3cb6\" data-element_type=\"widget\" data-e-type=\"widget\" data-widget_type=\"text-editor.default\">\n\t\t\t\t<div class=\"elementor-widget-container\">\n\t\t\t\t\t\t\t\t\t<p><span style=\"color: #b1a96e;\">* Materiales no admitidos: residuos mezclados, residuos industriales y residuos no identificados.<\/span><\/p>\t\t\t\t\t\t\t\t<\/div>\n\t\t\t\t<\/div>\n\t\t\t\t<div class=\"elementor-element elementor-element-e4d53c6 mida16 colorgris tradebold elementor-widget elementor-widget-heading\" data-id=\"e4d53c6\" data-element_type=\"widget\" data-e-type=\"widget\" data-widget_type=\"heading.default\">\n\t\t\t\t<div class=\"elementor-widget-container\">\n\t\t\t\t\t<p class=\"elementor-heading-title elementor-size-default\">\u00bfCu\u00e1l es el punto limpio m\u00e1s cercano?<\/p>\t\t\t\t<\/div>\n\t\t\t\t<\/div>\n\t\t\t\t<section class=\"has_ae_slider elementor-section elementor-inner-section elementor-element elementor-element-7de87b61 elementor-section-boxed elementor-section-height-default elementor-section-height-default ae-bg-gallery-type-default\" data-id=\"7de87b61\" data-element_type=\"section\" data-e-type=\"section\">\n\t\t\t\t\t\t<div class=\"elementor-container elementor-column-gap-default\">\n\t\t\t\t\t<div class=\"has_ae_slider elementor-column elementor-col-33 elementor-inner-column elementor-element elementor-element-6c7207f3 ae-bg-gallery-type-default\" data-id=\"6c7207f3\" data-element_type=\"column\" data-e-type=\"column\">\n\t\t\t<div class=\"elementor-widget-wrap elementor-element-populated\">\n\t\t\t\t\t\t<div class=\"elementor-element elementor-element-c8ccf98 mida16 interlinia12 elementor-widget elementor-widget-text-editor\" data-id=\"c8ccf98\" data-element_type=\"widget\" data-e-type=\"widget\" data-widget_type=\"text-editor.default\">\n\t\t\t\t<div class=\"elementor-widget-container\">\n\t\t\t\t\t\t\t\t\t<p><strong>ALCARR\u00c0S<\/strong><\/p><p>Pol\u00edgono Tossalet Roig.<br \/>Tel. 973 79 00 04<\/p><p>De Martes a Viernes de 16.00 a 19.00h\u00a0<br \/>S\u00e1b. de 08.00 a 14.00 y de 16.00 a 19.00h<br \/>Dom. de 08.00 a 14.00h<\/p>\t\t\t\t\t\t\t\t<\/div>\n\t\t\t\t<\/div>\n\t\t\t\t<div class=\"elementor-element elementor-element-c951739 mida16 interlinia13 negretaverd elementor-widget elementor-widget-text-editor\" data-id=\"c951739\" data-element_type=\"widget\" data-e-type=\"widget\" data-widget_type=\"text-editor.default\">\n\t\t\t\t<div class=\"elementor-widget-container\">\n\t\t\t\t\t\t\t\t\t<p><a href=\"https:\/\/www.segriapap.cat\/wp-content\/uploads\/reglament-deixalleria-alcarras.pdf\" target=\"_blank\" rel=\"noopener\"><strong>Descargar Normas de Uso<\/strong><\/a><\/p>\t\t\t\t\t\t\t\t<\/div>\n\t\t\t\t<\/div>\n\t\t\t\t<div class=\"elementor-element elementor-element-5e885d4 elementor-widget elementor-widget-google_maps\" data-id=\"5e885d4\" data-element_type=\"widget\" data-e-type=\"widget\" data-widget_type=\"google_maps.default\">\n\t\t\t\t<div class=\"elementor-widget-container\">\n\t\t\t\t\t\t\t<div class=\"elementor-custom-embed\">\n\t\t\t<iframe loading=\"lazy\"\n\t\t\t\t\tsrc=\"https:\/\/maps.google.com\/maps?q=Pol%C3%ADgon%20Tossalet%20Roig%2C%20alcarr%C3%A0s&#038;t=m&#038;z=12&#038;output=embed&#038;iwloc=near\"\n\t\t\t\t\ttitle=\"Pol\u00edgon Tossalet Roig, alcarr\u00e0s\"\n\t\t\t\t\taria-label=\"Pol\u00edgon Tossalet Roig, alcarr\u00e0s\"\n\t\t\t><\/iframe>\n\t\t<\/div>\n\t\t\t\t\t\t<\/div>\n\t\t\t\t<\/div>\n\t\t\t\t\t<\/div>\n\t\t<\/div>\n\t\t\t\t<div class=\"has_ae_slider elementor-column elementor-col-33 elementor-inner-column elementor-element elementor-element-67dbbb77 ae-bg-gallery-type-default\" data-id=\"67dbbb77\" data-element_type=\"column\" data-e-type=\"column\">\n\t\t\t<div class=\"elementor-widget-wrap elementor-element-populated\">\n\t\t\t\t\t\t<div class=\"elementor-element elementor-element-602b564 mida16 interlinia12 elementor-widget elementor-widget-text-editor\" data-id=\"602b564\" data-element_type=\"widget\" data-e-type=\"widget\" data-widget_type=\"text-editor.default\">\n\t\t\t\t<div class=\"elementor-widget-container\">\n\t\t\t\t\t\t\t\t\t<p><strong>ALGUAIRE<\/strong><\/p><p>Pol\u00edgono 23, parcela 46, del Pla de Fals.<br \/>Tel. 973 75 60 06<\/p><p>De Martes\u00a0a Viernes de 15.00 a 18.00h<br \/>S\u00e1b. de 08.00 a 14.00 y de 16.00 a 19.00h<br \/>Dom. de 09.00 a 14.00h<\/p>\t\t\t\t\t\t\t\t<\/div>\n\t\t\t\t<\/div>\n\t\t\t\t<div class=\"elementor-element elementor-element-7ec95f9 mida16 interlinia13 negretaverd elementor-widget elementor-widget-text-editor\" data-id=\"7ec95f9\" data-element_type=\"widget\" data-e-type=\"widget\" data-widget_type=\"text-editor.default\">\n\t\t\t\t<div class=\"elementor-widget-container\">\n\t\t\t\t\t\t\t\t\t<p><a href=\"https:\/\/www.segriapap.cat\/wp-content\/uploads\/reglament-deixalleria-alguaire.pdf\" target=\"_blank\" rel=\"noopener\"><strong>Descargar Normas de Uso<\/strong><\/a><\/p>\t\t\t\t\t\t\t\t<\/div>\n\t\t\t\t<\/div>\n\t\t\t\t<div class=\"elementor-element elementor-element-83fa03f elementor-widget elementor-widget-google_maps\" data-id=\"83fa03f\" data-element_type=\"widget\" data-e-type=\"widget\" data-widget_type=\"google_maps.default\">\n\t\t\t\t<div class=\"elementor-widget-container\">\n\t\t\t\t\t\t\t<div class=\"elementor-custom-embed\">\n\t\t\t<iframe loading=\"lazy\"\n\t\t\t\t\tsrc=\"https:\/\/maps.google.com\/maps?q=41.739071529528566%2C%200.5704192064683761&#038;t=m&#038;z=12&#038;output=embed&#038;iwloc=near\"\n\t\t\t\t\ttitle=\"41.739071529528566, 0.5704192064683761\"\n\t\t\t\t\taria-label=\"41.739071529528566, 0.5704192064683761\"\n\t\t\t><\/iframe>\n\t\t<\/div>\n\t\t\t\t\t\t<\/div>\n\t\t\t\t<\/div>\n\t\t\t\t\t<\/div>\n\t\t<\/div>\n\t\t\t\t<div class=\"has_ae_slider elementor-column elementor-col-33 elementor-inner-column elementor-element elementor-element-75371eca ae-bg-gallery-type-default\" data-id=\"75371eca\" data-element_type=\"column\" data-e-type=\"column\">\n\t\t\t<div class=\"elementor-widget-wrap elementor-element-populated\">\n\t\t\t\t\t\t<div class=\"elementor-element elementor-element-7c49a6c mida16 interlinia12 elementor-widget elementor-widget-text-editor\" data-id=\"7c49a6c\" data-element_type=\"widget\" data-e-type=\"widget\" data-widget_type=\"text-editor.default\">\n\t\t\t\t<div class=\"elementor-widget-container\">\n\t\t\t\t\t\t\t\t\t<p><strong>CORBINS<\/strong><\/p><p>Antigua carretera de Lleida, al camino de la Cuadra, al Pol\u00edgono Industrial 25137 <br \/>Tel. 973 19 01 17<\/p><p><br \/>S\u00e1b\u00a0de 08.00 a 14.00h<\/p>\t\t\t\t\t\t\t\t<\/div>\n\t\t\t\t<\/div>\n\t\t\t\t<div class=\"elementor-element elementor-element-f354bb5 mida16 interlinia13 negretaverd elementor-widget elementor-widget-text-editor\" data-id=\"f354bb5\" data-element_type=\"widget\" data-e-type=\"widget\" data-widget_type=\"text-editor.default\">\n\t\t\t\t<div class=\"elementor-widget-container\">\n\t\t\t\t\t\t\t\t\t<p><a href=\"https:\/\/www.segriapap.cat\/wp-content\/uploads\/reglamet-deixalleria-corbins.pdf\" target=\"_blank\" rel=\"noopener\"><strong>Descargar Normas de Uso<\/strong><\/a><\/p>\t\t\t\t\t\t\t\t<\/div>\n\t\t\t\t<\/div>\n\t\t\t\t<div class=\"elementor-element elementor-element-cdbc668 elementor-widget elementor-widget-google_maps\" data-id=\"cdbc668\" data-element_type=\"widget\" data-e-type=\"widget\" data-widget_type=\"google_maps.default\">\n\t\t\t\t<div class=\"elementor-widget-container\">\n\t\t\t\t\t\t\t<div class=\"elementor-custom-embed\">\n\t\t\t<iframe loading=\"lazy\"\n\t\t\t\t\tsrc=\"https:\/\/maps.google.com\/maps?q=Deixalleria%20de%20Corbins%2025137%2C%20Lleida&#038;t=m&#038;z=13&#038;output=embed&#038;iwloc=near\"\n\t\t\t\t\ttitle=\"Deixalleria de Corbins 25137, Lleida\"\n\t\t\t\t\taria-label=\"Deixalleria de Corbins 25137, Lleida\"\n\t\t\t><\/iframe>\n\t\t<\/div>\n\t\t\t\t\t\t<\/div>\n\t\t\t\t<\/div>\n\t\t\t\t\t<\/div>\n\t\t<\/div>\n\t\t\t\t\t<\/div>\n\t\t<\/section>\n\t\t\t\t<div class=\"elementor-element elementor-element-46df6248 elementor-widget elementor-widget-image\" data-id=\"46df6248\" data-element_type=\"widget\" data-e-type=\"widget\" data-widget_type=\"image.default\">\n\t\t\t\t<div class=\"elementor-widget-container\">\n\t\t\t\t\t\t\t\t\t\t\t\t\t\t\t\t<a href=\"https:\/\/www.segriapap.cat\/es\/recogida\/\">\n\t\t\t\t\t\t\t<img decoding=\"async\" width=\"62\" height=\"40\" src=\"https:\/\/www.segriapap.cat\/es\/wp-content\/uploads\/sites\/2\/css-fletxa.png\" class=\"attachment-full size-full wp-image-175\" alt=\"\" \/>\t\t\t\t\t\t\t\t<\/a>\n\t\t\t\t\t\t\t\t\t\t\t\t\t\t\t<\/div>\n\t\t\t\t<\/div>\n\t\t\t\t\t<\/div>\n\t\t<\/div>\n\t\t\t\t\t<\/div>\n\t\t<\/section>\n\t\t\t\t<\/div>\n\t\t","protected":false},"excerpt":{"rendered":"<p>PUNTOS LIMPIOS FIJOS (DEIXALLERIES) Los puntos limpios son instalaciones de recepci\u00f3n y de almacenamiento selectivo de productos destinados a la reutilizaci\u00f3n y a recibir tratamiento que no son objeto de la recogida domiciliaria. \u00bfQu\u00e9 podemos llevar al punto limpio? Residuos especiales: bombillas y fluorescentes, bater\u00edas, disolventes, pinturas y barnices, pilas, neum\u00e1ticos, radiograf\u00edas, CD y DVD, &#8230; <a title=\"Punto Limpio (Deixalleria)\" class=\"read-more\" href=\"https:\/\/www.segriapap.cat\/es\/recogida\/punto-limpio-deixalleria\/\" aria-label=\"Leer m\u00e1s sobre Punto Limpio (Deixalleria)\">Leer m\u00e1s<\/a><\/p>\n","protected":false},"author":1,"featured_media":658,"parent":17,"menu_order":0,"comment_status":"closed","ping_status":"closed","template":"","meta":{"_acf_changed":false,"footnotes":""},"class_list":["post-58","page","type-page","status-publish","has-post-thumbnail"],"acf":[],"_links":{"self":[{"href":"https:\/\/www.segriapap.cat\/es\/wp-json\/wp\/v2\/pages\/58","targetHints":{"allow":["GET"]}}],"collection":[{"href":"https:\/\/www.segriapap.cat\/es\/wp-json\/wp\/v2\/pages"}],"about":[{"href":"https:\/\/www.segriapap.cat\/es\/wp-json\/wp\/v2\/types\/page"}],"author":[{"embeddable":true,"href":"https:\/\/www.segriapap.cat\/es\/wp-json\/wp\/v2\/users\/1"}],"replies":[{"embeddable":true,"href":"https:\/\/www.segriapap.cat\/es\/wp-json\/wp\/v2\/comments?post=58"}],"version-history":[{"count":31,"href":"https:\/\/www.segriapap.cat\/es\/wp-json\/wp\/v2\/pages\/58\/revisions"}],"predecessor-version":[{"id":2056,"href":"https:\/\/www.segriapap.cat\/es\/wp-json\/wp\/v2\/pages\/58\/revisions\/2056"}],"up":[{"embeddable":true,"href":"https:\/\/www.segriapap.cat\/es\/wp-json\/wp\/v2\/pages\/17"}],"wp:featuredmedia":[{"embeddable":true,"href":"https:\/\/www.segriapap.cat\/es\/wp-json\/wp\/v2\/media\/658"}],"wp:attachment":[{"href":"https:\/\/www.segriapap.cat\/es\/wp-json\/wp\/v2\/media?parent=58"}],"curies":[{"name":"wp","href":"https:\/\/api.w.org\/{rel}","templated":true}]}}