
{"id":54,"date":"2018-08-04T10:51:04","date_gmt":"2018-08-04T08:51:04","guid":{"rendered":"https:\/\/www.segriapap.cat\/?page_id=54"},"modified":"2018-10-08T13:51:48","modified_gmt":"2018-10-08T11:51:48","slug":"las-casas-aisladas","status":"publish","type":"page","link":"https:\/\/www.segriapap.cat\/es\/recogida\/las-casas-aisladas\/","title":{"rendered":"Las casas aisladas"},"content":{"rendered":"\t\t<div data-elementor-type=\"wp-post\" data-elementor-id=\"54\" class=\"elementor elementor-54 elementor-bc-flex-widget\" data-elementor-post-type=\"page\">\n\t\t\t\t\t\t<section class=\"has_ae_slider elementor-section elementor-top-section elementor-element elementor-element-2bbb8766 elementor-section-boxed elementor-section-height-default elementor-section-height-default ae-bg-gallery-type-default\" data-id=\"2bbb8766\" data-element_type=\"section\" data-e-type=\"section\">\n\t\t\t\t\t\t<div class=\"elementor-container elementor-column-gap-default\">\n\t\t\t\t\t<div class=\"has_ae_slider elementor-column elementor-col-50 elementor-top-column elementor-element elementor-element-1ccf7315 ae-bg-gallery-type-default\" data-id=\"1ccf7315\" data-element_type=\"column\" data-e-type=\"column\">\n\t\t\t<div class=\"elementor-widget-wrap elementor-element-populated\">\n\t\t\t\t\t\t<div class=\"elementor-element elementor-element-4bab1820 elementor-widget elementor-widget-image\" data-id=\"4bab1820\" data-element_type=\"widget\" data-e-type=\"widget\" data-widget_type=\"image.default\">\n\t\t\t\t<div class=\"elementor-widget-container\">\n\t\t\t\t\t\t\t\t\t\t\t\t\t\t\t<img decoding=\"async\" width=\"114\" height=\"79\" src=\"https:\/\/www.segriapap.cat\/es\/wp-content\/uploads\/sites\/2\/css-recollida-cases.png\" class=\"attachment-full size-full wp-image-654\" alt=\"\" \/>\t\t\t\t\t\t\t\t\t\t\t\t\t\t\t<\/div>\n\t\t\t\t<\/div>\n\t\t\t\t<div class=\"elementor-element elementor-element-187779fb mida16 colorgris elementor-widget elementor-widget-heading\" data-id=\"187779fb\" data-element_type=\"widget\" data-e-type=\"widget\" data-widget_type=\"heading.default\">\n\t\t\t\t<div class=\"elementor-widget-container\">\n\t\t\t\t\t<h1 class=\"elementor-heading-title elementor-size-default\">Las casas aisladas<\/h1>\t\t\t\t<\/div>\n\t\t\t\t<\/div>\n\t\t\t\t\t<\/div>\n\t\t<\/div>\n\t\t\t\t<div class=\"has_ae_slider elementor-column elementor-col-50 elementor-top-column elementor-element elementor-element-7d2f4905 column_contentkit relative ae-bg-gallery-type-default\" data-id=\"7d2f4905\" data-element_type=\"column\" data-e-type=\"column\">\n\t\t\t<div class=\"elementor-widget-wrap elementor-element-populated\">\n\t\t\t\t\t\t<div class=\"elementor-element elementor-element-2bb7f3ff mida16 tradebold colorgris elementor-widget elementor-widget-heading\" data-id=\"2bb7f3ff\" data-element_type=\"widget\" data-e-type=\"widget\" data-widget_type=\"heading.default\">\n\t\t\t\t<div class=\"elementor-widget-container\">\n\t\t\t\t\t<h2 class=\"elementor-heading-title elementor-size-default\">Las casas aisladas<\/h2>\t\t\t\t<\/div>\n\t\t\t\t<\/div>\n\t\t\t\t<section class=\"has_ae_slider elementor-section elementor-inner-section elementor-element elementor-element-1a6f79d elementor-section-boxed elementor-section-height-default elementor-section-height-default ae-bg-gallery-type-default\" data-id=\"1a6f79d\" data-element_type=\"section\" data-e-type=\"section\">\n\t\t\t\t\t\t<div class=\"elementor-container elementor-column-gap-default\">\n\t\t\t\t\t<div class=\"has_ae_slider elementor-column elementor-col-50 elementor-inner-column elementor-element elementor-element-b53560c ae-bg-gallery-type-default\" data-id=\"b53560c\" data-element_type=\"column\" data-e-type=\"column\">\n\t\t\t<div class=\"elementor-widget-wrap elementor-element-populated\">\n\t\t\t\t\t\t<div class=\"elementor-element elementor-element-55a064c interlinia13 mida16 elementor-widget elementor-widget-text-editor\" data-id=\"55a064c\" data-element_type=\"widget\" data-e-type=\"widget\" data-widget_type=\"text-editor.default\">\n\t\t\t\t<div class=\"elementor-widget-container\">\n\t\t\t\t\t\t\t\t\t<p>\u2028Todas aquellas viviendas aisladas o diseminadas dentro del t\u00e9rmino municipal, disponen de una microdeixalleria, donde depositar los residuos bien separados. <br \/>El acceso a la microdeixalleria se realiza a trav\u00e9s de un llavero electr\u00f3nico vinculado a cada vivienda, y que es personal e intransferible. Se puede acceder a la microdeixalleria cada d\u00eda de la semana, 24 horas al d\u00eda.<\/p>\t\t\t\t\t\t\t\t<\/div>\n\t\t\t\t<\/div>\n\t\t\t\t\t<\/div>\n\t\t<\/div>\n\t\t\t\t<div class=\"has_ae_slider elementor-column elementor-col-50 elementor-inner-column elementor-element elementor-element-6d586ab ae-bg-gallery-type-default\" data-id=\"6d586ab\" data-element_type=\"column\" data-e-type=\"column\">\n\t\t\t<div class=\"elementor-widget-wrap\">\n\t\t\t\t\t\t\t<\/div>\n\t\t<\/div>\n\t\t\t\t\t<\/div>\n\t\t<\/section>\n\t\t\t\t<section class=\"has_ae_slider elementor-section elementor-inner-section elementor-element elementor-element-b548805 elementor-section-boxed elementor-section-height-default elementor-section-height-default ae-bg-gallery-type-default\" data-id=\"b548805\" data-element_type=\"section\" data-e-type=\"section\">\n\t\t\t\t\t\t<div class=\"elementor-container elementor-column-gap-default\">\n\t\t\t\t\t<div class=\"has_ae_slider elementor-column elementor-col-33 elementor-inner-column elementor-element elementor-element-220215f ae-bg-gallery-type-default\" data-id=\"220215f\" data-element_type=\"column\" data-e-type=\"column\">\n\t\t\t<div class=\"elementor-widget-wrap\">\n\t\t\t\t\t\t\t<\/div>\n\t\t<\/div>\n\t\t\t\t<div class=\"has_ae_slider elementor-column elementor-col-33 elementor-inner-column elementor-element elementor-element-540bf14 ae-bg-gallery-type-default\" data-id=\"540bf14\" data-element_type=\"column\" data-e-type=\"column\">\n\t\t\t<div class=\"elementor-widget-wrap elementor-element-populated\">\n\t\t\t\t\t\t<div class=\"elementor-element elementor-element-1faad58 elementor-widget elementor-widget-image\" data-id=\"1faad58\" data-element_type=\"widget\" data-e-type=\"widget\" data-widget_type=\"image.default\">\n\t\t\t\t<div class=\"elementor-widget-container\">\n\t\t\t\t\t\t\t\t\t\t\t\t\t\t\t<img decoding=\"async\" width=\"127\" height=\"274\" src=\"https:\/\/www.segriapap.cat\/es\/wp-content\/uploads\/sites\/2\/css-recollida-clauer.png\" class=\"attachment-full size-full wp-image-655\" alt=\"\" \/>\t\t\t\t\t\t\t\t\t\t\t\t\t\t\t<\/div>\n\t\t\t\t<\/div>\n\t\t\t\t\t<\/div>\n\t\t<\/div>\n\t\t\t\t<div class=\"has_ae_slider elementor-column elementor-col-33 elementor-inner-column elementor-element elementor-element-d081954 ae-bg-gallery-type-default\" data-id=\"d081954\" data-element_type=\"column\" data-e-type=\"column\">\n\t\t\t<div class=\"elementor-widget-wrap elementor-element-populated\">\n\t\t\t\t\t\t<div class=\"elementor-element elementor-element-1eae0bd elementor-widget elementor-widget-image\" data-id=\"1eae0bd\" data-element_type=\"widget\" data-e-type=\"widget\" data-widget_type=\"image.default\">\n\t\t\t\t<div class=\"elementor-widget-container\">\n\t\t\t\t\t\t\t\t\t\t\t\t\t\t\t<img fetchpriority=\"high\" decoding=\"async\" width=\"299\" height=\"286\" src=\"https:\/\/www.segriapap.cat\/es\/wp-content\/uploads\/sites\/2\/bafarada-4.png\" class=\"attachment-large size-large wp-image-1847\" alt=\"Bafarada 4\" \/>\t\t\t\t\t\t\t\t\t\t\t\t\t\t\t<\/div>\n\t\t\t\t<\/div>\n\t\t\t\t\t<\/div>\n\t\t<\/div>\n\t\t\t\t\t<\/div>\n\t\t<\/section>\n\t\t\t\t<section class=\"has_ae_slider elementor-section elementor-inner-section elementor-element elementor-element-39386e0 elementor-section-boxed elementor-section-height-default elementor-section-height-default ae-bg-gallery-type-default\" data-id=\"39386e0\" data-element_type=\"section\" data-e-type=\"section\">\n\t\t\t\t\t\t<div class=\"elementor-container elementor-column-gap-default\">\n\t\t\t\t\t<div class=\"has_ae_slider elementor-column elementor-col-33 elementor-inner-column elementor-element elementor-element-ace79cb ae-bg-gallery-type-default\" data-id=\"ace79cb\" data-element_type=\"column\" data-e-type=\"column\">\n\t\t\t<div class=\"elementor-widget-wrap elementor-element-populated\">\n\t\t\t\t\t\t<div class=\"elementor-element elementor-element-2a79a0e elementor-position-left elementor-vertical-align-middle mida20 elementor-widget elementor-widget-image-box\" data-id=\"2a79a0e\" data-element_type=\"widget\" data-e-type=\"widget\" data-widget_type=\"image-box.default\">\n\t\t\t\t<div class=\"elementor-widget-container\">\n\t\t\t\t\t<div class=\"elementor-image-box-wrapper\"><figure class=\"elementor-image-box-img\"><a href=\"https:\/\/www.segriapap.cat\/es\/mi-municipio\/\" tabindex=\"-1\"><img loading=\"lazy\" decoding=\"async\" width=\"75\" height=\"52\" src=\"https:\/\/www.segriapap.cat\/es\/wp-content\/uploads\/sites\/2\/css-recollida-microdeixalleria-consulta.png\" class=\"attachment-full size-full wp-image-651\" alt=\"\" \/><\/a><\/figure><div class=\"elementor-image-box-content\"><h3 class=\"elementor-image-box-title\"><a href=\"https:\/\/www.segriapap.cat\/es\/mi-municipio\/\">Consulta tu <b>Microdeixalleria<\/b>.<\/a><\/h3><\/div><\/div>\t\t\t\t<\/div>\n\t\t\t\t<\/div>\n\t\t\t\t\t<\/div>\n\t\t<\/div>\n\t\t\t\t<div class=\"has_ae_slider elementor-column elementor-col-33 elementor-inner-column elementor-element elementor-element-180659c ae-bg-gallery-type-default\" data-id=\"180659c\" data-element_type=\"column\" data-e-type=\"column\">\n\t\t\t<div class=\"elementor-widget-wrap\">\n\t\t\t\t\t\t\t<\/div>\n\t\t<\/div>\n\t\t\t\t<div class=\"has_ae_slider elementor-column elementor-col-33 elementor-inner-column elementor-element elementor-element-2c5df01 ae-bg-gallery-type-default\" data-id=\"2c5df01\" data-element_type=\"column\" data-e-type=\"column\">\n\t\t\t<div class=\"elementor-widget-wrap\">\n\t\t\t\t\t\t\t<\/div>\n\t\t<\/div>\n\t\t\t\t\t<\/div>\n\t\t<\/section>\n\t\t\t\t<div class=\"elementor-element elementor-element-1b770750 elementor-widget elementor-widget-image\" data-id=\"1b770750\" data-element_type=\"widget\" data-e-type=\"widget\" data-widget_type=\"image.default\">\n\t\t\t\t<div class=\"elementor-widget-container\">\n\t\t\t\t\t\t\t\t\t\t\t\t\t\t\t\t<a href=\"https:\/\/www.segriapap.cat\/es\/recogida\/\">\n\t\t\t\t\t\t\t<img loading=\"lazy\" decoding=\"async\" width=\"62\" height=\"40\" src=\"https:\/\/www.segriapap.cat\/es\/wp-content\/uploads\/sites\/2\/css-fletxa.png\" class=\"attachment-full size-full wp-image-175\" alt=\"\" \/>\t\t\t\t\t\t\t\t<\/a>\n\t\t\t\t\t\t\t\t\t\t\t\t\t\t\t<\/div>\n\t\t\t\t<\/div>\n\t\t\t\t\t<\/div>\n\t\t<\/div>\n\t\t\t\t\t<\/div>\n\t\t<\/section>\n\t\t\t\t<\/div>\n\t\t","protected":false},"excerpt":{"rendered":"<p>\u2028Todas aquellas viviendas aisladas o diseminadas dentro del t\u00e9rmino municipal, disponen de una microdeixalleria, donde depositar los residuos bien separados. El acceso a la microdeixalleria se realiza a trav\u00e9s de un llavero electr\u00f3nico vinculado a cada vivienda, y que es personal e intransferible. Se puede acceder a la microdeixalleria cada d\u00eda de la semana, 24 &#8230; <a title=\"Las casas aisladas\" class=\"read-more\" href=\"https:\/\/www.segriapap.cat\/es\/recogida\/las-casas-aisladas\/\" aria-label=\"Leer m\u00e1s sobre Las casas aisladas\">Leer m\u00e1s<\/a><\/p>\n","protected":false},"author":1,"featured_media":654,"parent":17,"menu_order":0,"comment_status":"closed","ping_status":"closed","template":"","meta":{"_acf_changed":false,"footnotes":""},"class_list":["post-54","page","type-page","status-publish","has-post-thumbnail"],"acf":[],"_links":{"self":[{"href":"https:\/\/www.segriapap.cat\/es\/wp-json\/wp\/v2\/pages\/54","targetHints":{"allow":["GET"]}}],"collection":[{"href":"https:\/\/www.segriapap.cat\/es\/wp-json\/wp\/v2\/pages"}],"about":[{"href":"https:\/\/www.segriapap.cat\/es\/wp-json\/wp\/v2\/types\/page"}],"author":[{"embeddable":true,"href":"https:\/\/www.segriapap.cat\/es\/wp-json\/wp\/v2\/users\/1"}],"replies":[{"embeddable":true,"href":"https:\/\/www.segriapap.cat\/es\/wp-json\/wp\/v2\/comments?post=54"}],"version-history":[{"count":21,"href":"https:\/\/www.segriapap.cat\/es\/wp-json\/wp\/v2\/pages\/54\/revisions"}],"predecessor-version":[{"id":1852,"href":"https:\/\/www.segriapap.cat\/es\/wp-json\/wp\/v2\/pages\/54\/revisions\/1852"}],"up":[{"embeddable":true,"href":"https:\/\/www.segriapap.cat\/es\/wp-json\/wp\/v2\/pages\/17"}],"wp:featuredmedia":[{"embeddable":true,"href":"https:\/\/www.segriapap.cat\/es\/wp-json\/wp\/v2\/media\/654"}],"wp:attachment":[{"href":"https:\/\/www.segriapap.cat\/es\/wp-json\/wp\/v2\/media?parent=54"}],"curies":[{"name":"wp","href":"https:\/\/api.w.org\/{rel}","templated":true}]}}