
{"id":27,"date":"2018-08-04T10:49:45","date_gmt":"2018-08-04T08:49:45","guid":{"rendered":"https:\/\/www.segriapap.cat\/?page_id=27"},"modified":"2018-10-09T12:31:27","modified_gmt":"2018-10-09T10:31:27","slug":"aviso-legal-y-politica-de-privacidad","status":"publish","type":"page","link":"https:\/\/www.segriapap.cat\/es\/aviso-legal-y-politica-de-privacidad\/","title":{"rendered":"Aviso legal y pol\u00edtica de cookies"},"content":{"rendered":"<p class=\"p1\"><strong><span class=\"s1\">INFORMACI\u00d3N TITULAR<\/span><\/strong><\/p>\n<p class=\"p2\"><span class=\"s1\">Las presentes condiciones regulan el uso y contenido del servicio del Portal de Internet (en adelante, Portal o P\u00e1gina web o Web) que se pone en marcha desde NORDVERT S.L. dentro de sus servicios de recogida de residuos y educaci\u00f3n ambiental. NORDVERT S.L es una empresa integrada en el grupo empresarial SORIGU\u00c9, (en adelante, podemos aparecer como NORDVERT o como SORIGU\u00c9).<\/span><\/p>\n<p class=\"p2\"><span class=\"s1\">NORDVERT S.L. (en adelante NORDVERT) es la titular de la p\u00e1gina web y de su(s) dominio(s) asociado(s) www.segriapap.cat. NORDVERT est\u00e1 domiciliada en CIF B43540285 Ronda de Guinardo 99 y c\u00f3digo postal 08041 de Barcelona con CIF B43540285. <\/span><\/p>\n<p class=\"p2\"><span class=\"s1\">Estamos integrados en el grupo SORIGU\u00c9. Puedes obtener m\u00e1s informaci\u00f3n de nuestra empresa, de nuestra actividad y de nuestro grupo en la p\u00e1gina web del grupo, <a href=\"http:\/\/www.sorigue.com\/\"><span class=\"s2\">www.sorigue.com<\/span><\/a>..<\/span><\/p>\n<p class=\"p2\"><span class=\"s1\">En esta p\u00e1gina web, podr\u00e1s encontrar informaci\u00f3n relacionada con el proyecto de recogida selectiva para la comarca de Segri\u00e0. Nuestro objetivo con esta web, es informar y sensibilizar a todos los vecinos y vecinas de la comarca para fomentar la recogida selectiva, la calidad en la separaci\u00f3n de residuos org\u00e1nicos y envases y potenciar la participaci\u00f3n de la comarca. <\/span><\/p>\n<p class=\"p2\"><span class=\"s1\">En esta p\u00e1gina encontraras informaci\u00f3n para poder obtener tu kit de recogida selectiva, informaci\u00f3n detallada del proyecto y de sus resultados, puntos limpios para depositar residuos susceptibles de reutilizaci\u00f3n o tratamiento o puntos de recogida de residuos dom\u00e9sticos. Encontraras informaci\u00f3n detallada sobre todo el proceso de recogida. <\/span><\/p>\n<p class=\"p2\"><span class=\"s1\">Este portal dispone de informaci\u00f3n relacionada con la correcta separaci\u00f3n de los residuos, tanto org\u00e1nicos como el resto de residuos. Pero si aun as\u00ed requieres m\u00e1s informaci\u00f3n, por favor no dudes en consultar con nosotros a trav\u00e9s de <a href=\"mailto:info@segriapap.cat\"><span class=\"s3\">info@segriapap.cat<\/span><\/a>. <\/span><\/p>\n<p class=\"p2\"><span class=\"s1\">Si necesitas m\u00e1s informaci\u00f3n sobre nuestra empresa o sobre nuestro grupo empresarial y de los servicios que ofrecemos por favor visita la p\u00e1gina web <a href=\"http:\/\/www.sorigue.es\"><span class=\"s3\">www.sorigue.es<\/span><\/a>\u00a0<\/span><\/p>\n<p class=\"p2\"><span class=\"s1\">En este proyecto se encuentran integrados otras entidades, sin cuya participaci\u00f3n no ser\u00eda posible el proyecto:<span class=\"Apple-converted-space\">\u00a0 <\/span>Departament de Territori i Sostenibilitat \u2013Generalitat de Catalunya-, Ag\u00e8ncia de Residus de Catalunya, Consell Comarcal de Segri\u00e0. <\/span><\/p>\n<p class=\"p2\"><span class=\"s1\">En esta p\u00e1gina web podr\u00e1 encontrar elementos sometidos a protecci\u00f3n, por la normativa de propiedad intelectual y el derecho de marcas. Por favor consulte el contenido relativo a este punto en nuestras condiciones. <\/span><\/p>\n<p class=\"p2\"><span class=\"s1\">Nuestra p\u00e1gina web, dispone de un apartado de Contacto, donde puede identificar nuestros datos de contacto y el directorio de empresas que integran nuestro grupo. Por favor cons\u00faltelo en caso de querer ponerse en contacto con nosotros. <\/span><\/p>\n<p class=\"p2\"><span class=\"s1\">En esta p\u00e1gina web podr\u00e1s encontrar elementos presentes en otras web o enlaces a otras p\u00e1ginas. Cuando un usuario abandone nuestra p\u00e1gina web y acceda a otras webs, queda sometido a los t\u00e9rminos y condiciones del titular de la web. No recomendamos a ning\u00fan usuario la navegaci\u00f3n por p\u00e1ginas web sin consultar previamente sus pol\u00edticas de uso.<\/span><\/p>\n<p>&nbsp;<\/p>\n<p class=\"p1\"><strong><span class=\"s1\">POL\u00cdTICA DE PRIVACIDAD<\/span><\/strong><\/p>\n<p class=\"p2\"><span class=\"s1\">Queremos cumplir con la pol\u00edtica de protecci\u00f3n de datos y mantener la m\u00e1xima privacidad de nuestros usuarios. Cumplimos con el Reglamento UE 2016\/679, de 27 de abril relativo a la protecci\u00f3n de las personas f\u00edsicas, as\u00ed como con la normativa de privacidad vigente en cada momento<\/span><\/p>\n<p class=\"p2\"><span class=\"s1\">Por eso te informamos, como usuario que solo pueden tratarse datos personales mediante elementos incorporados a la misma \u2013cookies y redes sociales-. <\/span><\/p>\n<p class=\"p2\"><span class=\"s1\">Cuando un usuario se ponga en contacto directo con nosotros a trav\u00e9s del correo <a href=\"mailto:info@segriapap.cat\"><span class=\"s3\">info@segriapap.cat<\/span><\/a> o a trav\u00e9s del tel\u00e9fono 973110121, se va a respetar la confidencialidad de cualquiera de los datos personales que pudieran ser necesarios para darle una adecuada respuesta. <\/span><\/p>\n<p class=\"p2\"><span class=\"s1\">Como entidad integrada en el grupo SORIGUE todos nuestros procesos y servicios est\u00e1n sometidos a una pol\u00edtica de privacidad junto con unas pol\u00edticas asociadas a la normativa de referencia, que est\u00e1 disponible en la p\u00e1gina web <a href=\"http:\/\/www.sorigue.es\"><span class=\"s3\">www.sorigue.es<\/span><\/a> . Si lo desea puede ponerse en contacto con nuestro responsable de protecci\u00f3n de en el correo electr\u00f3nico. <a href=\"mailto:rgpd@sorigue.com\"><span class=\"s3\">rgpd@sorigue.com<\/span><\/a>, especificando el motivo de la consulta. <\/span><\/p>\n<p>&nbsp;<\/p>\n<p class=\"p1\"><strong><span class=\"s1\">CONDICIONES DE USO<\/span><\/strong><\/p>\n<p class=\"p2\"><span class=\"s1\">El acceso a esta p\u00e1gina web es gratuito. La utilizaci\u00f3n del Portal atribuye por defecto la condici\u00f3n de Usuario del mismo (en adelante, Usuario) e implica la aceptaci\u00f3n de todas las condiciones, sin reserva alguna por su parte, incluidas en este Aviso Legal, de aquellas otras contenidas en nuestra Pol\u00edtica de Cookies, y las que puedan derivarse de la normativa vigente y que no se contemplan expresamente en el presente aviso.<\/span><\/p>\n<p class=\"p2\"><span class=\"s1\">Ser usuario de la web implica que el usuario est\u00e1 conforme con la pol\u00edtica de uso. Si por el motivo que fuere no est\u00e1 de acuerdo con estas condiciones no contin\u00fae usando esta web. <\/span><\/p>\n<p class=\"p2\"><span class=\"s1\">Las condiciones que rigen los diferentes servicios disponibles en esta web est\u00e1n sujetas, entre otras, a la siguiente normativa, en la parte que resulte de aplicaci\u00f3n: Ley 34\/2002, de 11 de julio, de Servicios de la Sociedad de la Informaci\u00f3n y Comercio Electr\u00f3nico; Reglamento UE 2016\/679, de 27 de abril relativo a la protecci\u00f3n de las personas f\u00edsicas en lo que respecta al tratamiento de datos personales y a la libre circulaci\u00f3n de estos datos, as\u00ed como la normativa de privacidad vigente en cada momento. <\/span><\/p>\n<p>&nbsp;<\/p>\n<p class=\"p3\"><span class=\"s1\"><b>Redes sociales<\/b><\/span><\/p>\n<p class=\"p2\"><span class=\"s1\">Puedes encontrar acceso a las redes sociales que tenemos asociadas al proyecto, en esta p\u00e1gina web, Twitter\u00ae, Facebook\u00ae y Vimeo+\u00ae. Cuando un usuario accede a las mismas, sale de nuestra plataforma y pasa a estar sometido a las condiciones establecidas por el prestador de la red social. Por favor, lee detenidamente las condiciones establecidas antes de aceptar el acceso y uso de las redes. <\/span><\/p>\n<p class=\"p2\"><span class=\"s1\">Cuando un usuario introduzca informaci\u00f3n o elementos en las redes sociales, implicando a estos perfiles, y esta informaci\u00f3n sea contraria a la pol\u00edtica de este proyecto o de cualquiera de los organizadores, o sea contraria a la legislaci\u00f3n, derechos de terceros o la moral y el orden p\u00fablico, se proceder\u00e1 a su retirada de manera inmediata. No nos hacemos responsables de la informaci\u00f3n y contenidos almacenados en foros, redes sociales o cualesquiera otros medios que permita a terceros publicar contenidos de forma independiente.<\/span><\/p>\n<p>&nbsp;<\/p>\n<p class=\"p1\"><strong><span class=\"s1\">RESPONSABILIDADES<\/span><\/strong><\/p>\n<p class=\"p2\"><span class=\"s1\">Los contenidos de esta p\u00e1gina son de car\u00e1cter informativo. No nos hacemos responsables de las decisiones tomadas a partir de la informaci\u00f3n suministrada en el Portal ni de los da\u00f1os y perjuicios producidos en el Usuario o terceros con motivo de actuaciones que tengan como \u00fanico fundamento la informaci\u00f3n obtenida en el Portal.<\/span><\/p>\n<p class=\"p2\"><span class=\"s1\">Los Usuarios deben mantener la adecuada disponibilidad y seguridad de los elementos empleados para navegar por internet. No asumimos responsabilidad por los da\u00f1os y perjuicios que se produzcan por fallos o malas configuraciones del software instalado en el ordenador del internauta. El acceso al Portal requiere de servicios y suministros de terceros, incluidos el transporte a trav\u00e9s de redes de telecomunicaciones cuya fiabilidad, calidad, continuidad y funcionamiento no corresponde al titular de esta web.<\/span><\/p>\n<p class=\"p2\"><span class=\"s1\">NORDVERT \/ SORIGUE no asume responsabilidad sobre el uso continuado y disponibilidad de esta plataforma web. No se garantiza la inexistencia de interrupciones o errores en el acceso al sitio web. Nos reservamos el derecho a actualizar, modificar o eliminar la informaci\u00f3n contenida en esta p\u00e1gina web, as\u00ed como la configuraci\u00f3n o presentaci\u00f3n del mismo, en cualquier momento sin asumir alguna responsabilidad por ello. <\/span><\/p>\n<p class=\"p2\"><span class=\"s1\">NORDVERT \/ SORIGUE no se hace responsable de la mala utilizaci\u00f3n del portal por parte de los usuarios, de la continuidad del servicio web, de los contenidos ofrecidos por otras webs o aplicaciones a las que se pueda acceder desde nuestro portal. <\/span><\/p>\n<p>&nbsp;<\/p>\n<p class=\"p1\"><strong><span class=\"s1\">PROPIEDAD INTELECTUAL E INDUSTRIAL<\/span><\/strong><\/p>\n<p class=\"p2\"><span class=\"s1\">NORDVERT \/ SORIGUE es titular o dispone de la correspondiente licencia o cesi\u00f3n de uso sobre los diferentes contenidos presentes en esta p\u00e1gina web, entre los que se incluyen \u2013a modo meramente enunciativo- las marcas, textos, fotograf\u00edas, gr\u00e1ficos, links, audiovisuales, dibujos, dise\u00f1os, software, c\u00f3digo fuente e informaciones incorporadas al efecto, expuestos a lo largo del Portal Web. Quedan excepcionados los derechos sobre productos y servicios de car\u00e1cter p\u00fablico que no son propiedad de esta empresa. Todos los productos y servicios de estas p\u00e1ginas que NO son propiedad de NORDVERT \/ SORIGUE son marcas registradas de sus respectivos propietarios y son reconocidas como tales por nuestra empresa. Solamente aparecen en la web a efectos de promoci\u00f3n y de recopilaci\u00f3n de informaci\u00f3n. Estos propietarios pueden solicitar la modificaci\u00f3n o eliminaci\u00f3n de la informaci\u00f3n que les pertenece. Ning\u00fan material publicado en esta web podr\u00e1 ser reproducido, copiado o publicado sin el consentimiento por escrito de NORDVERT \/ SORIGUE. <\/span><\/p>\n<p class=\"p2\"><span class=\"s1\">Con car\u00e1cter meramente enunciativo, que no limitativo, se proh\u00edbe a los usuarios del Porta:<\/span><\/p>\n<ul class=\"ul1\">\n<li class=\"li4\"><span class=\"s5\">Explotar comercialmente los contenidos del Portal, incluyendo en esta prohibici\u00f3n los productos derivados tras su modificaci\u00f3n, copia o reutilizaci\u00f3n,<\/span><\/li>\n<li class=\"li4\"><span class=\"s5\">Reproducir, copiar, extraer, transformar o reutilizar para uso privado o explotaci\u00f3n comercial, aquellos contenidos considerados como dise\u00f1o gr\u00e1fico, c\u00f3digo fuente, software o base de datos.<\/span><\/li>\n<\/ul>\n<p class=\"p2\"><span class=\"s1\">Las marcas, nombres comerciales o signos distintivos son titularidad de NORDVERT \/ SORIGUE o de terceros que las ceden para su uso, sin que pueda entenderse que el acceso al Portal atribuya ning\u00fan derecho sobre las mismas. Solo se autoriza el uso de nuestras marcas o nombres comerciales, para referenciarnos en el sector o para promocionar nuestro proyecto y la educaci\u00f3n ambiental y la recogida selectiva. <\/span><\/p>\n<p>&nbsp;<\/p>\n<p class=\"p1\"><strong><span class=\"s1\">DURACION, VIGENCIA Y NULIDAD<\/span><\/strong><\/p>\n<p class=\"p2\"><span class=\"s1\">El aviso legal tiene una vigencia desde su propia publicaci\u00f3n hasta la su modificaci\u00f3n. El presente Aviso Legal podr\u00e1 ser modificado por NORDVERT \/ SORIGUE en cualquier momento en su totalidad o de forma parcial, debiendo los Usuarios revisar el contenido peri\u00f3dicamente para verificar la informaci\u00f3n. Las modificaciones surten efectos desde el momento en que se publican en el Portal. Se establecer\u00e1 fecha de publicaci\u00f3n para que los Usuarios conozcan la versi\u00f3n vigente. <\/span><\/p>\n<p class=\"p2\"><span class=\"s1\">En caso de que cualquier extremo de las presentes condiciones sea considerado nulo o anulable, o su aplicaci\u00f3n resulte imposible parcial o totalmente, por la aplicaci\u00f3n de una modificaci\u00f3n normativa o por sentencia judicial o laudo arbitral, se mantendr\u00e1 la vigencia del resto del aviso.<\/span><\/p>\n<p>&nbsp;<\/p>\n<p class=\"p1\"><strong><span class=\"s1\">LEY APLICABLE Y JURISDICCI\u00d3N<\/span><\/strong><\/p>\n<p class=\"p2\"><span class=\"s1\">NORDVERT \/ SORIGUE se reserva su derecho a emprender las acciones arbitrales o judiciales que considere oportunas en el caso de que los Usuarios utilicen la p\u00e1gina web de forma indebida o ilegal. El Usuario responder\u00e1 frente a SORIGU\u00c9 o frente a terceros, de cualesquiera da\u00f1os y perjuicios que pudieran causarse como consecuencia del incumplimiento de estas obligaciones.<\/span><\/p>\n<p class=\"p2\"><span class=\"s1\">El no ejercicio o ejecuci\u00f3n de las acciones o derechos contra terceros por el incumplimiento de las disposiciones o prohibiciones contenidas en el presente aviso legal por parte de NORDVERT \/ SORIGUE no constituir\u00e1 renuncia a los mismos, salvo reconocimiento y acuerdo escrito por su parte.<\/span><\/p>\n<p class=\"p2\"><span class=\"s1\">Las presentes condiciones generales se rigen por la legislaci\u00f3n vigente. Para cualquier litigio que pudiera surgir relacionado con el sitio web o la actividad que en \u00e9l se desarrolla ser\u00e1n competentes Juzgados de Barcelona, renunciando expresamente el usuario a cualquier otro fuero que pudiera corresponderle. \u00a0<\/span><\/p>\n<p>&nbsp;<\/p>\n<p class=\"p3\"><span class=\"s1\">FECHA DE PUBLICACI\u00d3N 05\/09\/2018<\/span><\/p>\n","protected":false},"excerpt":{"rendered":"<p>INFORMACI\u00d3N TITULAR Las presentes condiciones regulan el uso y contenido del servicio del Portal de Internet (en adelante, Portal o P\u00e1gina web o Web) que se pone en marcha desde NORDVERT S.L. dentro de sus servicios de recogida de residuos y educaci\u00f3n ambiental. NORDVERT S.L es una empresa integrada en el grupo empresarial SORIGU\u00c9, (en &#8230; <a title=\"Aviso legal y pol\u00edtica de cookies\" class=\"read-more\" href=\"https:\/\/www.segriapap.cat\/es\/aviso-legal-y-politica-de-privacidad\/\" aria-label=\"Leer m\u00e1s sobre Aviso legal y pol\u00edtica de cookies\">Leer m\u00e1s<\/a><\/p>\n","protected":false},"author":1,"featured_media":0,"parent":0,"menu_order":0,"comment_status":"closed","ping_status":"closed","template":"","meta":{"_acf_changed":false,"footnotes":""},"class_list":["post-27","page","type-page","status-publish"],"acf":[],"_links":{"self":[{"href":"https:\/\/www.segriapap.cat\/es\/wp-json\/wp\/v2\/pages\/27","targetHints":{"allow":["GET"]}}],"collection":[{"href":"https:\/\/www.segriapap.cat\/es\/wp-json\/wp\/v2\/pages"}],"about":[{"href":"https:\/\/www.segriapap.cat\/es\/wp-json\/wp\/v2\/types\/page"}],"author":[{"embeddable":true,"href":"https:\/\/www.segriapap.cat\/es\/wp-json\/wp\/v2\/users\/1"}],"replies":[{"embeddable":true,"href":"https:\/\/www.segriapap.cat\/es\/wp-json\/wp\/v2\/comments?post=27"}],"version-history":[{"count":16,"href":"https:\/\/www.segriapap.cat\/es\/wp-json\/wp\/v2\/pages\/27\/revisions"}],"predecessor-version":[{"id":1925,"href":"https:\/\/www.segriapap.cat\/es\/wp-json\/wp\/v2\/pages\/27\/revisions\/1925"}],"wp:attachment":[{"href":"https:\/\/www.segriapap.cat\/es\/wp-json\/wp\/v2\/media?parent=27"}],"curies":[{"name":"wp","href":"https:\/\/api.w.org\/{rel}","templated":true}]}}