
{"id":25,"date":"2018-08-04T10:49:45","date_gmt":"2018-08-04T08:49:45","guid":{"rendered":"https:\/\/www.segriapap.cat\/?page_id=25"},"modified":"2018-10-08T13:34:00","modified_gmt":"2018-10-08T11:34:00","slug":"microdeixalleries","status":"publish","type":"page","link":"https:\/\/www.segriapap.cat\/es\/recogida\/microdeixalleries\/","title":{"rendered":"Microdeixalleries"},"content":{"rendered":"\t\t<div data-elementor-type=\"wp-page\" data-elementor-id=\"25\" class=\"elementor elementor-25 elementor-bc-flex-widget\" data-elementor-post-type=\"page\">\n\t\t\t\t\t\t<section class=\"has_ae_slider elementor-section elementor-top-section elementor-element elementor-element-69ad143f elementor-section-boxed elementor-section-height-default elementor-section-height-default ae-bg-gallery-type-default\" data-id=\"69ad143f\" data-element_type=\"section\" data-e-type=\"section\">\n\t\t\t\t\t\t<div class=\"elementor-container elementor-column-gap-default\">\n\t\t\t\t\t<div class=\"has_ae_slider elementor-column elementor-col-50 elementor-top-column elementor-element elementor-element-6c30edd5 ae-bg-gallery-type-default\" data-id=\"6c30edd5\" data-element_type=\"column\" data-e-type=\"column\">\n\t\t\t<div class=\"elementor-widget-wrap elementor-element-populated\">\n\t\t\t\t\t\t<div class=\"elementor-element elementor-element-5599e426 elementor-widget elementor-widget-image\" data-id=\"5599e426\" data-element_type=\"widget\" data-e-type=\"widget\" data-widget_type=\"image.default\">\n\t\t\t\t<div class=\"elementor-widget-container\">\n\t\t\t\t\t\t\t\t\t\t\t\t\t\t\t<img decoding=\"async\" width=\"115\" height=\"80\" src=\"https:\/\/www.segriapap.cat\/es\/wp-content\/uploads\/sites\/2\/css-poble-microdeixalleria.png\" class=\"attachment-full size-full wp-image-270\" alt=\"\" \/>\t\t\t\t\t\t\t\t\t\t\t\t\t\t\t<\/div>\n\t\t\t\t<\/div>\n\t\t\t\t<div class=\"elementor-element elementor-element-4c7610e2 mida16 colorgris elementor-widget elementor-widget-heading\" data-id=\"4c7610e2\" data-element_type=\"widget\" data-e-type=\"widget\" data-widget_type=\"heading.default\">\n\t\t\t\t<div class=\"elementor-widget-container\">\n\t\t\t\t\t<h1 class=\"elementor-heading-title elementor-size-default\">Microdeixalleries<\/h1>\t\t\t\t<\/div>\n\t\t\t\t<\/div>\n\t\t\t\t\t<\/div>\n\t\t<\/div>\n\t\t\t\t<div class=\"has_ae_slider elementor-column elementor-col-50 elementor-top-column elementor-element elementor-element-4a7a48bd column_contentkit relative ae-bg-gallery-type-default\" data-id=\"4a7a48bd\" data-element_type=\"column\" data-e-type=\"column\">\n\t\t\t<div class=\"elementor-widget-wrap elementor-element-populated\">\n\t\t\t\t\t\t<div class=\"elementor-element elementor-element-3076d0cd mida16 tradebold colorgris elementor-widget elementor-widget-heading\" data-id=\"3076d0cd\" data-element_type=\"widget\" data-e-type=\"widget\" data-widget_type=\"heading.default\">\n\t\t\t\t<div class=\"elementor-widget-container\">\n\t\t\t\t\t<h2 class=\"elementor-heading-title elementor-size-default\">Microdeixalleries<\/h2>\t\t\t\t<\/div>\n\t\t\t\t<\/div>\n\t\t\t\t<section class=\"has_ae_slider elementor-section elementor-inner-section elementor-element elementor-element-334652c elementor-section-boxed elementor-section-height-default elementor-section-height-default ae-bg-gallery-type-default\" data-id=\"334652c\" data-element_type=\"section\" data-e-type=\"section\">\n\t\t\t\t\t\t<div class=\"elementor-container elementor-column-gap-default\">\n\t\t\t\t\t<div class=\"has_ae_slider elementor-column elementor-col-50 elementor-inner-column elementor-element elementor-element-2111ad56 ae-bg-gallery-type-default\" data-id=\"2111ad56\" data-element_type=\"column\" data-e-type=\"column\">\n\t\t\t<div class=\"elementor-widget-wrap elementor-element-populated\">\n\t\t\t\t\t\t<div class=\"elementor-element elementor-element-622a88fb interlinia13 mida16 elementor-widget elementor-widget-text-editor\" data-id=\"622a88fb\" data-element_type=\"widget\" data-e-type=\"widget\" data-widget_type=\"text-editor.default\">\n\t\t\t\t<div class=\"elementor-widget-container\">\n\t\t\t\t\t\t\t\t\t<p><strong>\u00bfQu\u00e9 son?<\/strong><\/p><p>Son espacios donde llevar los residuos dom\u00e9sticos m\u00e1s habituales, pero que no pueden ser recogidos durante la recogida diaria municipal porque necesitan un tratamiento especial.<\/p><p><strong>\u2028\u00bfQu\u00e9 residuos se pueden llevar?<\/strong><\/p><p><span style=\"color: #b1a96d;\"><strong>\u00b7 Ropa y calzado <\/strong><\/span><br \/><span style=\"color: #b1a96d;\"><strong>\u00b7 Aceite de cocina usado<\/strong><\/span><br \/><span style=\"color: #b1a96d;\"><strong>\u00b7 Bombillas y fluorescentes<\/strong><\/span><br \/><span style=\"color: #b1a96d;\"><strong>\u00b7 Pilas<\/strong><\/span><br \/><span style=\"color: #b1a96d;\"><strong>\u00b7 T\u00f3neres<\/strong><\/span><br \/><span style=\"color: #b1a96d;\"><strong>\u00b7 Pinturas, barnices y disolventes<\/strong><\/span><br \/><span style=\"color: #b1a96d;\"><strong>\u00b7 Cd\u2019s <\/strong><\/span><br \/><span style=\"color: #b1a96d;\"><strong>\u00b7 C\u00e1psulas de caf\u00e9<\/strong><\/span><\/p>\t\t\t\t\t\t\t\t<\/div>\n\t\t\t\t<\/div>\n\t\t\t\t\t<\/div>\n\t\t<\/div>\n\t\t\t\t<div class=\"has_ae_slider elementor-column elementor-col-50 elementor-inner-column elementor-element elementor-element-59d58739 ae-bg-gallery-type-default\" data-id=\"59d58739\" data-element_type=\"column\" data-e-type=\"column\">\n\t\t\t<div class=\"elementor-widget-wrap\">\n\t\t\t\t\t\t\t<\/div>\n\t\t<\/div>\n\t\t\t\t\t<\/div>\n\t\t<\/section>\n\t\t\t\t<section class=\"has_ae_slider elementor-section elementor-inner-section elementor-element elementor-element-71e946f6 elementor-section-boxed elementor-section-height-default elementor-section-height-default ae-bg-gallery-type-default\" data-id=\"71e946f6\" data-element_type=\"section\" data-e-type=\"section\">\n\t\t\t\t\t\t<div class=\"elementor-container elementor-column-gap-default\">\n\t\t\t\t\t<div class=\"has_ae_slider elementor-column elementor-col-33 elementor-inner-column elementor-element elementor-element-3f84f141 ae-bg-gallery-type-default\" data-id=\"3f84f141\" data-element_type=\"column\" data-e-type=\"column\">\n\t\t\t<div class=\"elementor-widget-wrap elementor-element-populated\">\n\t\t\t\t\t\t<div class=\"elementor-element elementor-element-558a7fdc elementor-position-left elementor-vertical-align-bottom mida20  elementor-widget elementor-widget-image-box\" data-id=\"558a7fdc\" data-element_type=\"widget\" data-e-type=\"widget\" data-widget_type=\"image-box.default\">\n\t\t\t\t<div class=\"elementor-widget-container\">\n\t\t\t\t\t<div class=\"elementor-image-box-wrapper\"><figure class=\"elementor-image-box-img\"><a href=\"https:\/\/www.segriapap.cat\/es\/mi-municipio\/\" tabindex=\"-1\"><img decoding=\"async\" width=\"75\" height=\"52\" src=\"https:\/\/www.segriapap.cat\/es\/wp-content\/uploads\/sites\/2\/css-recollida-microdeixalleria-consulta.png\" class=\"attachment-full size-full wp-image-651\" alt=\"\" \/><\/a><\/figure><div class=\"elementor-image-box-content\"><h3 class=\"elementor-image-box-title\"><a href=\"https:\/\/www.segriapap.cat\/es\/mi-municipio\/\">Consulta tu <b>Microdeixalleria<\/b>.<\/a><\/h3><\/div><\/div>\t\t\t\t<\/div>\n\t\t\t\t<\/div>\n\t\t\t\t<div class=\"elementor-element elementor-element-cfb1f19 elementor-position-left elementor-vertical-align-bottom mida20 elementor-widget elementor-widget-image-box\" data-id=\"cfb1f19\" data-element_type=\"widget\" data-e-type=\"widget\" data-widget_type=\"image-box.default\">\n\t\t\t\t<div class=\"elementor-widget-container\">\n\t\t\t\t\t<div class=\"elementor-image-box-wrapper\"><figure class=\"elementor-image-box-img\"><a href=\"https:\/\/www.segriapap.cat\/es\/recogida\/punto-limpio-deixalleria\/\" tabindex=\"-1\"><img decoding=\"async\" width=\"71\" height=\"77\" src=\"https:\/\/www.segriapap.cat\/es\/wp-content\/uploads\/sites\/2\/css-recollida-deixalleria-link.png\" class=\"attachment-full size-full wp-image-656\" alt=\"\" \/><\/a><\/figure><div class=\"elementor-image-box-content\"><h3 class=\"elementor-image-box-title\"><a href=\"https:\/\/www.segriapap.cat\/es\/recogida\/punto-limpio-deixalleria\/\">Para otros residuos consulta tu <b>punto limpio<\/b> m\u00e1s cercano.<\/a><\/h3><\/div><\/div>\t\t\t\t<\/div>\n\t\t\t\t<\/div>\n\t\t\t\t\t<\/div>\n\t\t<\/div>\n\t\t\t\t<div class=\"has_ae_slider elementor-column elementor-col-33 elementor-inner-column elementor-element elementor-element-2e319c47 ae-bg-gallery-type-default\" data-id=\"2e319c47\" data-element_type=\"column\" data-e-type=\"column\">\n\t\t\t<div class=\"elementor-widget-wrap elementor-element-populated\">\n\t\t\t\t\t\t<div class=\"elementor-element elementor-element-219c2bb6 elementor-widget elementor-widget-image\" data-id=\"219c2bb6\" data-element_type=\"widget\" data-e-type=\"widget\" data-widget_type=\"image.default\">\n\t\t\t\t<div class=\"elementor-widget-container\">\n\t\t\t\t\t\t\t\t\t\t\t\t\t\t\t<img loading=\"lazy\" decoding=\"async\" width=\"127\" height=\"274\" src=\"https:\/\/www.segriapap.cat\/es\/wp-content\/uploads\/sites\/2\/css-recollida-clauer.png\" class=\"attachment-full size-full wp-image-655\" alt=\"\" \/>\t\t\t\t\t\t\t\t\t\t\t\t\t\t\t<\/div>\n\t\t\t\t<\/div>\n\t\t\t\t\t<\/div>\n\t\t<\/div>\n\t\t\t\t<div class=\"has_ae_slider elementor-column elementor-col-33 elementor-inner-column elementor-element elementor-element-320e63f8 ae-bg-gallery-type-default\" data-id=\"320e63f8\" data-element_type=\"column\" data-e-type=\"column\">\n\t\t\t<div class=\"elementor-widget-wrap elementor-element-populated\">\n\t\t\t\t\t\t<div class=\"elementor-element elementor-element-6c4d8e3f elementor-widget elementor-widget-image\" data-id=\"6c4d8e3f\" data-element_type=\"widget\" data-e-type=\"widget\" data-widget_type=\"image.default\">\n\t\t\t\t<div class=\"elementor-widget-container\">\n\t\t\t\t\t\t\t\t\t\t\t\t\t\t\t<img loading=\"lazy\" decoding=\"async\" width=\"299\" height=\"286\" src=\"https:\/\/www.segriapap.cat\/es\/wp-content\/uploads\/sites\/2\/bafarada-4.png\" class=\"attachment-large size-large wp-image-1847\" alt=\"Bafarada 4\" \/>\t\t\t\t\t\t\t\t\t\t\t\t\t\t\t<\/div>\n\t\t\t\t<\/div>\n\t\t\t\t\t<\/div>\n\t\t<\/div>\n\t\t\t\t\t<\/div>\n\t\t<\/section>\n\t\t\t\t<div class=\"elementor-element elementor-element-4e1bfd06 elementor-widget elementor-widget-image\" data-id=\"4e1bfd06\" data-element_type=\"widget\" data-e-type=\"widget\" data-widget_type=\"image.default\">\n\t\t\t\t<div class=\"elementor-widget-container\">\n\t\t\t\t\t\t\t\t\t\t\t\t\t\t\t\t<a href=\"https:\/\/www.segriapap.cat\/es\/recogida\/\">\n\t\t\t\t\t\t\t<img loading=\"lazy\" decoding=\"async\" width=\"62\" height=\"40\" src=\"https:\/\/www.segriapap.cat\/es\/wp-content\/uploads\/sites\/2\/css-fletxa.png\" class=\"attachment-full size-full wp-image-175\" alt=\"\" \/>\t\t\t\t\t\t\t\t<\/a>\n\t\t\t\t\t\t\t\t\t\t\t\t\t\t\t<\/div>\n\t\t\t\t<\/div>\n\t\t\t\t\t<\/div>\n\t\t<\/div>\n\t\t\t\t\t<\/div>\n\t\t<\/section>\n\t\t\t\t<\/div>\n\t\t","protected":false},"excerpt":{"rendered":"<p>\u00bfQu\u00e9 son? Son espacios donde llevar los residuos dom\u00e9sticos m\u00e1s habituales, pero que no pueden ser recogidos durante la recogida diaria municipal porque necesitan un tratamiento especial. \u2028\u00bfQu\u00e9 residuos se pueden llevar? \u00b7 Ropa y calzado \u00b7 Aceite de cocina usado\u00b7 Bombillas y fluorescentes\u00b7 Pilas\u00b7 T\u00f3neres\u00b7 Pinturas, barnices y disolventes\u00b7 Cd\u2019s \u00b7 C\u00e1psulas de caf\u00e9 &#8230; <a title=\"Microdeixalleries\" class=\"read-more\" href=\"https:\/\/www.segriapap.cat\/es\/recogida\/microdeixalleries\/\" aria-label=\"Leer m\u00e1s sobre Microdeixalleries\">Leer m\u00e1s<\/a><\/p>\n","protected":false},"author":1,"featured_media":270,"parent":17,"menu_order":0,"comment_status":"closed","ping_status":"closed","template":"","meta":{"_acf_changed":false,"footnotes":""},"class_list":["post-25","page","type-page","status-publish","has-post-thumbnail"],"acf":[],"_links":{"self":[{"href":"https:\/\/www.segriapap.cat\/es\/wp-json\/wp\/v2\/pages\/25","targetHints":{"allow":["GET"]}}],"collection":[{"href":"https:\/\/www.segriapap.cat\/es\/wp-json\/wp\/v2\/pages"}],"about":[{"href":"https:\/\/www.segriapap.cat\/es\/wp-json\/wp\/v2\/types\/page"}],"author":[{"embeddable":true,"href":"https:\/\/www.segriapap.cat\/es\/wp-json\/wp\/v2\/users\/1"}],"replies":[{"embeddable":true,"href":"https:\/\/www.segriapap.cat\/es\/wp-json\/wp\/v2\/comments?post=25"}],"version-history":[{"count":15,"href":"https:\/\/www.segriapap.cat\/es\/wp-json\/wp\/v2\/pages\/25\/revisions"}],"predecessor-version":[{"id":1851,"href":"https:\/\/www.segriapap.cat\/es\/wp-json\/wp\/v2\/pages\/25\/revisions\/1851"}],"up":[{"embeddable":true,"href":"https:\/\/www.segriapap.cat\/es\/wp-json\/wp\/v2\/pages\/17"}],"wp:featuredmedia":[{"embeddable":true,"href":"https:\/\/www.segriapap.cat\/es\/wp-json\/wp\/v2\/media\/270"}],"wp:attachment":[{"href":"https:\/\/www.segriapap.cat\/es\/wp-json\/wp\/v2\/media?parent=25"}],"curies":[{"name":"wp","href":"https:\/\/api.w.org\/{rel}","templated":true}]}}