
{"id":23,"date":"2018-08-04T10:49:45","date_gmt":"2018-08-04T08:49:45","guid":{"rendered":"https:\/\/www.segriapap.cat\/?page_id=23"},"modified":"2018-10-04T12:51:40","modified_gmt":"2018-10-04T10:51:40","slug":"actualidad","status":"publish","type":"page","link":"https:\/\/www.segriapap.cat\/es\/actualidad\/","title":{"rendered":"Actualidad"},"content":{"rendered":"\t\t<div data-elementor-type=\"wp-post\" data-elementor-id=\"23\" class=\"elementor elementor-23 elementor-bc-flex-widget\" data-elementor-post-type=\"page\">\n\t\t\t\t\t\t<section class=\"has_ae_slider elementor-section elementor-top-section elementor-element elementor-element-1a3d767d elementor-section-boxed elementor-section-height-default elementor-section-height-default ae-bg-gallery-type-default\" data-id=\"1a3d767d\" data-element_type=\"section\" data-e-type=\"section\">\n\t\t\t\t\t\t<div class=\"elementor-container elementor-column-gap-default\">\n\t\t\t\t\t<div class=\"has_ae_slider elementor-column elementor-col-100 elementor-top-column elementor-element elementor-element-73ade88b ae-bg-gallery-type-default\" data-id=\"73ade88b\" data-element_type=\"column\" data-e-type=\"column\">\n\t\t\t<div class=\"elementor-widget-wrap elementor-element-populated\">\n\t\t\t\t\t\t<div class=\"elementor-element elementor-element-b5aedde elementor-widget elementor-widget-image\" data-id=\"b5aedde\" data-element_type=\"widget\" data-e-type=\"widget\" data-widget_type=\"image.default\">\n\t\t\t\t<div class=\"elementor-widget-container\">\n\t\t\t\t\t\t\t\t\t\t\t\t\t\t\t<img decoding=\"async\" width=\"78\" height=\"80\" src=\"https:\/\/www.segriapap.cat\/es\/wp-content\/uploads\/sites\/2\/css-home-actualitat-1.png\" class=\"attachment-full size-full wp-image-878\" alt=\"\" \/>\t\t\t\t\t\t\t\t\t\t\t\t\t\t\t<\/div>\n\t\t\t\t<\/div>\n\t\t\t\t<div class=\"elementor-element elementor-element-31cabc51 mida16 colorgris elementor-widget elementor-widget-heading\" data-id=\"31cabc51\" data-element_type=\"widget\" data-e-type=\"widget\" data-widget_type=\"heading.default\">\n\t\t\t\t<div class=\"elementor-widget-container\">\n\t\t\t\t\t<h1 class=\"elementor-heading-title elementor-size-default\">Actualidad<\/h1>\t\t\t\t<\/div>\n\t\t\t\t<\/div>\n\t\t\t\t\t<\/div>\n\t\t<\/div>\n\t\t\t\t\t<\/div>\n\t\t<\/section>\n\t\t\t\t<section class=\"has_ae_slider elementor-section elementor-top-section elementor-element elementor-element-e5fba21 elementor-section-boxed elementor-section-height-default elementor-section-height-default ae-bg-gallery-type-default\" data-id=\"e5fba21\" data-element_type=\"section\" data-e-type=\"section\">\n\t\t\t\t\t\t<div class=\"elementor-container elementor-column-gap-default\">\n\t\t\t\t\t<div class=\"has_ae_slider elementor-column elementor-col-100 elementor-top-column elementor-element elementor-element-833ebb3 ae-bg-gallery-type-default\" data-id=\"833ebb3\" data-element_type=\"column\" data-e-type=\"column\">\n\t\t\t<div class=\"elementor-widget-wrap elementor-element-populated\">\n\t\t\t\t\t\t<div class=\"elementor-element elementor-element-e70a89b ae-post-layout-grid elementor-widget elementor-widget-ae-post-blocks\" data-id=\"e70a89b\" data-element_type=\"widget\" data-e-type=\"widget\" data-settings=\"{&quot;columns&quot;:2,&quot;columns_tablet&quot;:&quot;2&quot;,&quot;columns_mobile&quot;:&quot;1&quot;}\" data-widget_type=\"ae-post-blocks.default\">\n\t\t\t\t<div class=\"elementor-widget-container\">\n\t\t\t\t\t\t\t\t\t\t<div class=\"ae-post-overlay\">\n\t\t\t\t<div class=\"ae-post-overlay-wrapper\">\n\t\t\t\t\t<div class=\"ae-post-overlay-icon\">\n\t\t\t\t\t\t<i aria-hidden=\"true\" class=\"fa fa-sync\"><\/i>\t\t\t\t\t<\/div>\n\t\t\t\t\t<div class=\"ae-post-overlay-text\">\n\t\t\t\t\t\tLoading...\t\t\t\t\t<\/div>\n\t\t\t\t<\/div>\n\t\t\t<\/div>\n\t\t\n\t\t\t\t\t\t\t\t<div data-pid=\"23\" data-wid=\"e70a89b\" data-source=\"post\" class=\"ae-post-widget-wrapper ae-masonry- ae-hpos- ae-vpos-\" data-disable_scroll_on_ajax_load=\"no\" data-pagination_scroll_top_offset=\"0\">\n\t\t\n\t\t\t\t<div class=\"ae-post-list-wrapper\">\n\t\t\t\n\t\t<article class=\"ae-post-list-item ae-post-list-item-e70a89b\">\n\t\t\t<div class=\"ae-article-inner\">\n\t\t\t\t\t\t\t\t<div class=\"ae_data elementor elementor-841\">\n\t\t\t\t\t\t\t\t\t\t\t<div data-elementor-type=\"wp-post\" data-elementor-id=\"841\" class=\"elementor elementor-841 elementor-bc-flex-widget\" data-elementor-post-type=\"ae_global_templates\">\n\t\t\t\t\t\t<section class=\"has_ae_slider elementor-section elementor-top-section elementor-element elementor-element-d947ee2 elementor-section-boxed elementor-section-height-default elementor-section-height-default ae-bg-gallery-type-default\" data-id=\"d947ee2\" data-element_type=\"section\" data-e-type=\"section\">\n\t\t\t\t\t\t<div class=\"elementor-container elementor-column-gap-default\">\n\t\t\t\t\t<div class=\"has_ae_slider elementor-column elementor-col-100 elementor-top-column elementor-element elementor-element-dba0900 ae-bg-gallery-type-default\" data-id=\"dba0900\" data-element_type=\"column\" data-e-type=\"column\">\n\t\t\t<div class=\"elementor-widget-wrap elementor-element-populated\">\n\t\t\t\t\t\t<div class=\"elementor-element elementor-element-3738f75 imgdestacada_archivepost overlay-never elementor-widget elementor-widget-ae-post-image\" data-id=\"3738f75\" data-element_type=\"widget\" data-e-type=\"widget\" data-widget_type=\"ae-post-image.default\">\n\t\t\t\t<div class=\"elementor-widget-container\">\n\t\t\t\t\t\t\t\t<div class=\"ae-element-post-image ae-element-post-image\">\n\t\t\t\t<div class=\"ae_thumb_wrapper\">\n\t\t\t\t\t\t\t\t\t\t<a href=\"https:\/\/www.segriapap.cat\/es\/presentacion-del-nuevo-modelo-de-recogida-puerta-a-puerta\/\" title=\"PRESENTACI\u00d3N DEL NUEVO MODELO DE RECOGIDA PUERTA A PUERTA\">\n\t\t\t\t\t\t\t\t\t\t\t\t\t<img fetchpriority=\"high\" decoding=\"async\" width=\"900\" height=\"700\" src=\"https:\/\/www.segriapap.cat\/es\/wp-content\/uploads\/sites\/2\/Noticia-4-1.jpg\" class=\"attachment-large size-large wp-image-1599\" alt=\"\" srcset=\"https:\/\/www.segriapap.cat\/es\/wp-content\/uploads\/sites\/2\/Noticia-4-1.jpg 900w, https:\/\/www.segriapap.cat\/es\/wp-content\/uploads\/sites\/2\/Noticia-4-1-300x233.jpg 300w, https:\/\/www.segriapap.cat\/es\/wp-content\/uploads\/sites\/2\/Noticia-4-1-768x597.jpg 768w\" sizes=\"(max-width: 900px) 100vw, 900px\" \/>\t\t\t\t\t\t\t\t\t\t\t\t\t<div class=\"ae-post-overlay\"><\/div>\n\t\t\t\t\t\t\t\t\t\t\t<\/a>\n\t\t\t\t\t\t\t\t<\/div>\n\t\t\t<\/div>\n\t\t\t\t\t\t\t<\/div>\n\t\t\t\t<\/div>\n\t\t\t\t<div class=\"elementor-element elementor-element-3887e3d tradebold mida16 datapostdinsarchive elementor-widget elementor-widget-ae-post-meta\" data-id=\"3887e3d\" data-element_type=\"widget\" data-e-type=\"widget\" data-settings=\"{&quot;layout_mode&quot;:&quot;horizontal&quot;}\" data-widget_type=\"ae-post-meta.default\">\n\t\t\t\t<div class=\"elementor-widget-container\">\n\t\t\t\t\t\t\t\t<div class=\"ae-post-meta-list-wrapper ae-pm-layout-horizontal ae-pm-layout-tablet- ae-pm-layout-mobile-\">\n\t\t\t\t\t\t<div class=\"ae-post-meta-item-wrapper ae-post-date-09-27-2018\">\n\t\t\t\t\t\t<span class=\"ae-element-post-date-label\">\n\t\t\t\t\t\t\t<\/span>\n\t\t\t<span class=\"ae-element-post-date\" title=\"8:53 AM\" rel=\"date\">\n\t\t\t<span class=\"ae-post-date-09-27-2018\">27.09.18<\/span>\t\t\t<\/span>\n\t\t<\/div>\n\t\t\t\t\t<\/div>\n\t\t\t\t\t\t\t<\/div>\n\t\t\t\t<\/div>\n\t\t\t\t<div class=\"elementor-element elementor-element-3da1c05 tradebold mida20 titpost_archiveblog elementor-widget elementor-widget-ae-post-title\" data-id=\"3da1c05\" data-element_type=\"widget\" data-e-type=\"widget\" data-widget_type=\"ae-post-title.default\">\n\t\t\t\t<div class=\"elementor-widget-container\">\n\t\t\t\t\t<a  href=\"https:\/\/www.segriapap.cat\/es\/presentacion-del-nuevo-modelo-de-recogida-puerta-a-puerta\/\"><h3 itemprop=\"name\" class=\"ae-element-post-title\">PRESENTACI\u00d3N DEL NUEVO MODELO DE RECOGIDA PUERTA A PUERTA<\/h3><\/a>\t\t\t\t<\/div>\n\t\t\t\t<\/div>\n\t\t\t\t<div class=\"elementor-element elementor-element-8db7d18 mida16 interlinia12 contingut_archivepostblog elementor-widget elementor-widget-ae-post-content\" data-id=\"8db7d18\" data-element_type=\"widget\" data-e-type=\"widget\" data-widget_type=\"ae-post-content.default\">\n\t\t\t\t<div class=\"elementor-widget-container\">\n\t\t\t\t\t\t\t<div class=\"ae-element-post-content\">\n\t\t\t\t\t\t\tEste lunes 24 de septiembre, se ha presentado el nuevo modelo de recogida de residuos puerta a puerta, que se implantar\u00e1 en la Comarca del Segri\u00e0 a partir del 1 de octubre...\t\t\t\t\t\t<\/div>\n\t\t\t\t\t\t<\/div>\n\t\t\t\t<\/div>\n\t\t\t\t<div class=\"elementor-element elementor-element-6fddb1a9 iconames_box_indexpoble ico_archiveblog elementor-widget elementor-widget-heading\" data-id=\"6fddb1a9\" data-element_type=\"widget\" data-e-type=\"widget\" data-widget_type=\"heading.default\">\n\t\t\t\t<div class=\"elementor-widget-container\">\n\t\t\t\t\t<span class=\"elementor-heading-title elementor-size-default\"><a href=\"https:\/\/www.segriapap.cat\/es\/presentacion-del-nuevo-modelo-de-recogida-puerta-a-puerta\/\">+<\/a><\/span>\t\t\t\t<\/div>\n\t\t\t\t<\/div>\n\t\t\t\t\t<\/div>\n\t\t<\/div>\n\t\t\t\t\t<\/div>\n\t\t<\/section>\n\t\t\t\t<\/div>\n\t\t\t\t\t\t\t\t\t\t<\/div>\n\t\t\t\t\t\t\t<\/div>\n\t\t<\/article>\n\n\t\t\n\t\t<article class=\"ae-post-list-item ae-post-list-item-e70a89b\">\n\t\t\t<div class=\"ae-article-inner\">\n\t\t\t\t\t\t\t\t<div class=\"ae_data elementor elementor-841\">\n\t\t\t\t\t\t\t\t\t\t\t<div data-elementor-type=\"wp-post\" data-elementor-id=\"841\" class=\"elementor elementor-841 elementor-bc-flex-widget\" data-elementor-post-type=\"ae_global_templates\">\n\t\t\t\t\t\t<section class=\"has_ae_slider elementor-section elementor-top-section elementor-element elementor-element-d947ee2 elementor-section-boxed elementor-section-height-default elementor-section-height-default ae-bg-gallery-type-default\" data-id=\"d947ee2\" data-element_type=\"section\" data-e-type=\"section\">\n\t\t\t\t\t\t<div class=\"elementor-container elementor-column-gap-default\">\n\t\t\t\t\t<div class=\"has_ae_slider elementor-column elementor-col-100 elementor-top-column elementor-element elementor-element-dba0900 ae-bg-gallery-type-default\" data-id=\"dba0900\" data-element_type=\"column\" data-e-type=\"column\">\n\t\t\t<div class=\"elementor-widget-wrap elementor-element-populated\">\n\t\t\t\t\t\t<div class=\"elementor-element elementor-element-3738f75 imgdestacada_archivepost overlay-never elementor-widget elementor-widget-ae-post-image\" data-id=\"3738f75\" data-element_type=\"widget\" data-e-type=\"widget\" data-widget_type=\"ae-post-image.default\">\n\t\t\t\t<div class=\"elementor-widget-container\">\n\t\t\t\t\t\t\t\t<div class=\"ae-element-post-image ae-element-post-image\">\n\t\t\t\t<div class=\"ae_thumb_wrapper\">\n\t\t\t\t\t\t\t\t\t\t<a href=\"https:\/\/www.segriapap.cat\/es\/el-puerta-a-puerta-del-segria\/\" title=\"EL PUERTA A PUERTA DEL SEGRI\u00c0\">\n\t\t\t\t\t\t\t\t\t\t\t\t\t<img decoding=\"async\" width=\"900\" height=\"661\" src=\"https:\/\/www.segriapap.cat\/es\/wp-content\/uploads\/sites\/2\/Noticia-3-Foto-portada.jpg\" class=\"attachment-large size-large wp-image-1363\" alt=\"\" srcset=\"https:\/\/www.segriapap.cat\/es\/wp-content\/uploads\/sites\/2\/Noticia-3-Foto-portada.jpg 900w, https:\/\/www.segriapap.cat\/es\/wp-content\/uploads\/sites\/2\/Noticia-3-Foto-portada-300x220.jpg 300w, https:\/\/www.segriapap.cat\/es\/wp-content\/uploads\/sites\/2\/Noticia-3-Foto-portada-768x564.jpg 768w\" sizes=\"(max-width: 900px) 100vw, 900px\" \/>\t\t\t\t\t\t\t\t\t\t\t\t\t<div class=\"ae-post-overlay\"><\/div>\n\t\t\t\t\t\t\t\t\t\t\t<\/a>\n\t\t\t\t\t\t\t\t<\/div>\n\t\t\t<\/div>\n\t\t\t\t\t\t\t<\/div>\n\t\t\t\t<\/div>\n\t\t\t\t<div class=\"elementor-element elementor-element-3887e3d tradebold mida16 datapostdinsarchive elementor-widget elementor-widget-ae-post-meta\" data-id=\"3887e3d\" data-element_type=\"widget\" data-e-type=\"widget\" data-settings=\"{&quot;layout_mode&quot;:&quot;horizontal&quot;}\" data-widget_type=\"ae-post-meta.default\">\n\t\t\t\t<div class=\"elementor-widget-container\">\n\t\t\t\t\t\t\t\t<div class=\"ae-post-meta-list-wrapper ae-pm-layout-horizontal ae-pm-layout-tablet- ae-pm-layout-mobile-\">\n\t\t\t\t\t\t<div class=\"ae-post-meta-item-wrapper ae-post-date-09-18-2018\">\n\t\t\t\t\t\t<span class=\"ae-element-post-date-label\">\n\t\t\t\t\t\t\t<\/span>\n\t\t\t<span class=\"ae-element-post-date\" title=\"6:02 AM\" rel=\"date\">\n\t\t\t<span class=\"ae-post-date-09-18-2018\">18.09.18<\/span>\t\t\t<\/span>\n\t\t<\/div>\n\t\t\t\t\t<\/div>\n\t\t\t\t\t\t\t<\/div>\n\t\t\t\t<\/div>\n\t\t\t\t<div class=\"elementor-element elementor-element-3da1c05 tradebold mida20 titpost_archiveblog elementor-widget elementor-widget-ae-post-title\" data-id=\"3da1c05\" data-element_type=\"widget\" data-e-type=\"widget\" data-widget_type=\"ae-post-title.default\">\n\t\t\t\t<div class=\"elementor-widget-container\">\n\t\t\t\t\t<a  href=\"https:\/\/www.segriapap.cat\/es\/el-puerta-a-puerta-del-segria\/\"><h3 itemprop=\"name\" class=\"ae-element-post-title\">EL PUERTA A PUERTA DEL SEGRI\u00c0<\/h3><\/a>\t\t\t\t<\/div>\n\t\t\t\t<\/div>\n\t\t\t\t<div class=\"elementor-element elementor-element-8db7d18 mida16 interlinia12 contingut_archivepostblog elementor-widget elementor-widget-ae-post-content\" data-id=\"8db7d18\" data-element_type=\"widget\" data-e-type=\"widget\" data-widget_type=\"ae-post-content.default\">\n\t\t\t\t<div class=\"elementor-widget-container\">\n\t\t\t\t\t\t\t<div class=\"ae-element-post-content\">\n\t\t\t\t\t\t\tLa Antonieta y la Pepita, te explican qu\u00e9 es el \"Puerta a Puerta del Segri\u00e0\", y toda la informaci\u00f3n necesaria para hacerlo correctamente. https:\/\/vimeo.com\/290261603\t\t\t\t\t\t<\/div>\n\t\t\t\t\t\t<\/div>\n\t\t\t\t<\/div>\n\t\t\t\t<div class=\"elementor-element elementor-element-6fddb1a9 iconames_box_indexpoble ico_archiveblog elementor-widget elementor-widget-heading\" data-id=\"6fddb1a9\" data-element_type=\"widget\" data-e-type=\"widget\" data-widget_type=\"heading.default\">\n\t\t\t\t<div class=\"elementor-widget-container\">\n\t\t\t\t\t<span class=\"elementor-heading-title elementor-size-default\"><a href=\"https:\/\/www.segriapap.cat\/es\/el-puerta-a-puerta-del-segria\/\">+<\/a><\/span>\t\t\t\t<\/div>\n\t\t\t\t<\/div>\n\t\t\t\t\t<\/div>\n\t\t<\/div>\n\t\t\t\t\t<\/div>\n\t\t<\/section>\n\t\t\t\t<\/div>\n\t\t\t\t\t\t\t\t\t\t<\/div>\n\t\t\t\t\t\t\t<\/div>\n\t\t<\/article>\n\n\t\t\n\t\t<article class=\"ae-post-list-item ae-post-list-item-e70a89b\">\n\t\t\t<div class=\"ae-article-inner\">\n\t\t\t\t\t\t\t\t<div class=\"ae_data elementor elementor-841\">\n\t\t\t\t\t\t\t\t\t\t\t<div data-elementor-type=\"wp-post\" data-elementor-id=\"841\" class=\"elementor elementor-841 elementor-bc-flex-widget\" data-elementor-post-type=\"ae_global_templates\">\n\t\t\t\t\t\t<section class=\"has_ae_slider elementor-section elementor-top-section elementor-element elementor-element-d947ee2 elementor-section-boxed elementor-section-height-default elementor-section-height-default ae-bg-gallery-type-default\" data-id=\"d947ee2\" data-element_type=\"section\" data-e-type=\"section\">\n\t\t\t\t\t\t<div class=\"elementor-container elementor-column-gap-default\">\n\t\t\t\t\t<div class=\"has_ae_slider elementor-column elementor-col-100 elementor-top-column elementor-element elementor-element-dba0900 ae-bg-gallery-type-default\" data-id=\"dba0900\" data-element_type=\"column\" data-e-type=\"column\">\n\t\t\t<div class=\"elementor-widget-wrap elementor-element-populated\">\n\t\t\t\t\t\t<div class=\"elementor-element elementor-element-3738f75 imgdestacada_archivepost overlay-never elementor-widget elementor-widget-ae-post-image\" data-id=\"3738f75\" data-element_type=\"widget\" data-e-type=\"widget\" data-widget_type=\"ae-post-image.default\">\n\t\t\t\t<div class=\"elementor-widget-container\">\n\t\t\t\t\t\t\t\t<div class=\"ae-element-post-image ae-element-post-image\">\n\t\t\t\t<div class=\"ae_thumb_wrapper\">\n\t\t\t\t\t\t\t\t\t\t<a href=\"https:\/\/www.segriapap.cat\/es\/el-1-de-octubre-empieza-el-servicio-en-artesa-de-lleida-aspa-corbins-els-alamus-la-portella-puigverd-de-lleida-y-sunyer\/\" title=\"El 1 DE OCTUBRE EMPIEZA EL SERVICIO EN ARTESA DE LLEIDA, ASPA, CORBINS, ELS ALAM\u00daS, LA PORTELLA, PUIGVERD DE LLEIDA Y SUNYER\">\n\t\t\t\t\t\t\t\t\t\t\t\t\t<img loading=\"lazy\" decoding=\"async\" width=\"900\" height=\"675\" src=\"https:\/\/www.segriapap.cat\/es\/wp-content\/uploads\/sites\/2\/Noticia-2.jpg\" class=\"attachment-large size-large wp-image-1360\" alt=\"\" srcset=\"https:\/\/www.segriapap.cat\/es\/wp-content\/uploads\/sites\/2\/Noticia-2.jpg 900w, https:\/\/www.segriapap.cat\/es\/wp-content\/uploads\/sites\/2\/Noticia-2-300x225.jpg 300w, https:\/\/www.segriapap.cat\/es\/wp-content\/uploads\/sites\/2\/Noticia-2-768x576.jpg 768w\" sizes=\"(max-width: 900px) 100vw, 900px\" \/>\t\t\t\t\t\t\t\t\t\t\t\t\t<div class=\"ae-post-overlay\"><\/div>\n\t\t\t\t\t\t\t\t\t\t\t<\/a>\n\t\t\t\t\t\t\t\t<\/div>\n\t\t\t<\/div>\n\t\t\t\t\t\t\t<\/div>\n\t\t\t\t<\/div>\n\t\t\t\t<div class=\"elementor-element elementor-element-3887e3d tradebold mida16 datapostdinsarchive elementor-widget elementor-widget-ae-post-meta\" data-id=\"3887e3d\" data-element_type=\"widget\" data-e-type=\"widget\" data-settings=\"{&quot;layout_mode&quot;:&quot;horizontal&quot;}\" data-widget_type=\"ae-post-meta.default\">\n\t\t\t\t<div class=\"elementor-widget-container\">\n\t\t\t\t\t\t\t\t<div class=\"ae-post-meta-list-wrapper ae-pm-layout-horizontal ae-pm-layout-tablet- ae-pm-layout-mobile-\">\n\t\t\t\t\t\t<div class=\"ae-post-meta-item-wrapper ae-post-date-09-05-2018\">\n\t\t\t\t\t\t<span class=\"ae-element-post-date-label\">\n\t\t\t\t\t\t\t<\/span>\n\t\t\t<span class=\"ae-element-post-date\" title=\"6:01 AM\" rel=\"date\">\n\t\t\t<span class=\"ae-post-date-09-05-2018\">05.09.18<\/span>\t\t\t<\/span>\n\t\t<\/div>\n\t\t\t\t\t<\/div>\n\t\t\t\t\t\t\t<\/div>\n\t\t\t\t<\/div>\n\t\t\t\t<div class=\"elementor-element elementor-element-3da1c05 tradebold mida20 titpost_archiveblog elementor-widget elementor-widget-ae-post-title\" data-id=\"3da1c05\" data-element_type=\"widget\" data-e-type=\"widget\" data-widget_type=\"ae-post-title.default\">\n\t\t\t\t<div class=\"elementor-widget-container\">\n\t\t\t\t\t<a  href=\"https:\/\/www.segriapap.cat\/es\/el-1-de-octubre-empieza-el-servicio-en-artesa-de-lleida-aspa-corbins-els-alamus-la-portella-puigverd-de-lleida-y-sunyer\/\"><h3 itemprop=\"name\" class=\"ae-element-post-title\">El 1 DE OCTUBRE EMPIEZA EL SERVICIO EN ARTESA DE LLEIDA, ASPA, CORBINS, ELS ALAM\u00daS, LA PORTELLA, PUIGVERD DE LLEIDA Y SUNYER<\/h3><\/a>\t\t\t\t<\/div>\n\t\t\t\t<\/div>\n\t\t\t\t<div class=\"elementor-element elementor-element-8db7d18 mida16 interlinia12 contingut_archivepostblog elementor-widget elementor-widget-ae-post-content\" data-id=\"8db7d18\" data-element_type=\"widget\" data-e-type=\"widget\" data-widget_type=\"ae-post-content.default\">\n\t\t\t\t<div class=\"elementor-widget-container\">\n\t\t\t\t\t\t\t<div class=\"ae-element-post-content\">\n\t\t\t\t\t\t\tEsta recogida se implantar\u00e1 de forma escalonada en el resto de municipios Puerta a Puerta de la comarca, con una segunda fase con fecha de inicio el 15 de octubre. Con este...\t\t\t\t\t\t<\/div>\n\t\t\t\t\t\t<\/div>\n\t\t\t\t<\/div>\n\t\t\t\t<div class=\"elementor-element elementor-element-6fddb1a9 iconames_box_indexpoble ico_archiveblog elementor-widget elementor-widget-heading\" data-id=\"6fddb1a9\" data-element_type=\"widget\" data-e-type=\"widget\" data-widget_type=\"heading.default\">\n\t\t\t\t<div class=\"elementor-widget-container\">\n\t\t\t\t\t<span class=\"elementor-heading-title elementor-size-default\"><a href=\"https:\/\/www.segriapap.cat\/es\/el-1-de-octubre-empieza-el-servicio-en-artesa-de-lleida-aspa-corbins-els-alamus-la-portella-puigverd-de-lleida-y-sunyer\/\">+<\/a><\/span>\t\t\t\t<\/div>\n\t\t\t\t<\/div>\n\t\t\t\t\t<\/div>\n\t\t<\/div>\n\t\t\t\t\t<\/div>\n\t\t<\/section>\n\t\t\t\t<\/div>\n\t\t\t\t\t\t\t\t\t\t<\/div>\n\t\t\t\t\t\t\t<\/div>\n\t\t<\/article>\n\n\t\t\n\t\t<article class=\"ae-post-list-item ae-post-list-item-e70a89b\">\n\t\t\t<div class=\"ae-article-inner\">\n\t\t\t\t\t\t\t\t<div class=\"ae_data elementor elementor-841\">\n\t\t\t\t\t\t\t\t\t\t\t<div data-elementor-type=\"wp-post\" data-elementor-id=\"841\" class=\"elementor elementor-841 elementor-bc-flex-widget\" data-elementor-post-type=\"ae_global_templates\">\n\t\t\t\t\t\t<section class=\"has_ae_slider elementor-section elementor-top-section elementor-element elementor-element-d947ee2 elementor-section-boxed elementor-section-height-default elementor-section-height-default ae-bg-gallery-type-default\" data-id=\"d947ee2\" data-element_type=\"section\" data-e-type=\"section\">\n\t\t\t\t\t\t<div class=\"elementor-container elementor-column-gap-default\">\n\t\t\t\t\t<div class=\"has_ae_slider elementor-column elementor-col-100 elementor-top-column elementor-element elementor-element-dba0900 ae-bg-gallery-type-default\" data-id=\"dba0900\" data-element_type=\"column\" data-e-type=\"column\">\n\t\t\t<div class=\"elementor-widget-wrap elementor-element-populated\">\n\t\t\t\t\t\t<div class=\"elementor-element elementor-element-3738f75 imgdestacada_archivepost overlay-never elementor-widget elementor-widget-ae-post-image\" data-id=\"3738f75\" data-element_type=\"widget\" data-e-type=\"widget\" data-widget_type=\"ae-post-image.default\">\n\t\t\t\t<div class=\"elementor-widget-container\">\n\t\t\t\t\t\t\t\t<div class=\"ae-element-post-image ae-element-post-image\">\n\t\t\t\t<div class=\"ae_thumb_wrapper\">\n\t\t\t\t\t\t\t\t\t\t<a href=\"https:\/\/www.segriapap.cat\/es\/inicio-de-la-campana-informativa-para-el-desarrollo-del-puerta-a-puerta\/\" title=\"INICIO DE LA CAMPA\u00d1A INFORMATIVA PARA EL DESARROLLO DEL PUERTA A PUERTA\">\n\t\t\t\t\t\t\t\t\t\t\t\t\t<img loading=\"lazy\" decoding=\"async\" width=\"900\" height=\"665\" src=\"https:\/\/www.segriapap.cat\/es\/wp-content\/uploads\/sites\/2\/Noticia-1.jpg\" class=\"attachment-large size-large wp-image-1342\" alt=\"\" srcset=\"https:\/\/www.segriapap.cat\/es\/wp-content\/uploads\/sites\/2\/Noticia-1.jpg 900w, https:\/\/www.segriapap.cat\/es\/wp-content\/uploads\/sites\/2\/Noticia-1-300x222.jpg 300w, https:\/\/www.segriapap.cat\/es\/wp-content\/uploads\/sites\/2\/Noticia-1-768x567.jpg 768w\" sizes=\"(max-width: 900px) 100vw, 900px\" \/>\t\t\t\t\t\t\t\t\t\t\t\t\t<div class=\"ae-post-overlay\"><\/div>\n\t\t\t\t\t\t\t\t\t\t\t<\/a>\n\t\t\t\t\t\t\t\t<\/div>\n\t\t\t<\/div>\n\t\t\t\t\t\t\t<\/div>\n\t\t\t\t<\/div>\n\t\t\t\t<div class=\"elementor-element elementor-element-3887e3d tradebold mida16 datapostdinsarchive elementor-widget elementor-widget-ae-post-meta\" data-id=\"3887e3d\" data-element_type=\"widget\" data-e-type=\"widget\" data-settings=\"{&quot;layout_mode&quot;:&quot;horizontal&quot;}\" data-widget_type=\"ae-post-meta.default\">\n\t\t\t\t<div class=\"elementor-widget-container\">\n\t\t\t\t\t\t\t\t<div class=\"ae-post-meta-list-wrapper ae-pm-layout-horizontal ae-pm-layout-tablet- ae-pm-layout-mobile-\">\n\t\t\t\t\t\t<div class=\"ae-post-meta-item-wrapper ae-post-date-09-05-2018\">\n\t\t\t\t\t\t<span class=\"ae-element-post-date-label\">\n\t\t\t\t\t\t\t<\/span>\n\t\t\t<span class=\"ae-element-post-date\" title=\"5:46 AM\" rel=\"date\">\n\t\t\t<span class=\"ae-post-date-09-05-2018\">05.09.18<\/span>\t\t\t<\/span>\n\t\t<\/div>\n\t\t\t\t\t<\/div>\n\t\t\t\t\t\t\t<\/div>\n\t\t\t\t<\/div>\n\t\t\t\t<div class=\"elementor-element elementor-element-3da1c05 tradebold mida20 titpost_archiveblog elementor-widget elementor-widget-ae-post-title\" data-id=\"3da1c05\" data-element_type=\"widget\" data-e-type=\"widget\" data-widget_type=\"ae-post-title.default\">\n\t\t\t\t<div class=\"elementor-widget-container\">\n\t\t\t\t\t<a  href=\"https:\/\/www.segriapap.cat\/es\/inicio-de-la-campana-informativa-para-el-desarrollo-del-puerta-a-puerta\/\"><h3 itemprop=\"name\" class=\"ae-element-post-title\">INICIO DE LA CAMPA\u00d1A INFORMATIVA PARA EL DESARROLLO DEL PUERTA A PUERTA<\/h3><\/a>\t\t\t\t<\/div>\n\t\t\t\t<\/div>\n\t\t\t\t<div class=\"elementor-element elementor-element-8db7d18 mida16 interlinia12 contingut_archivepostblog elementor-widget elementor-widget-ae-post-content\" data-id=\"8db7d18\" data-element_type=\"widget\" data-e-type=\"widget\" data-widget_type=\"ae-post-content.default\">\n\t\t\t\t<div class=\"elementor-widget-container\">\n\t\t\t\t\t\t\t<div class=\"ae-element-post-content\">\n\t\t\t\t\t\t\tHoy empieza la campa\u00f1a informativa del Puerta a Puerta del Segri\u00e0 en los municipios que iniciar\u00e1n la recogida el d\u00eda 1 de octubre. Las primeras actuaciones que se llevar\u00e1n a cabo durante...\t\t\t\t\t\t<\/div>\n\t\t\t\t\t\t<\/div>\n\t\t\t\t<\/div>\n\t\t\t\t<div class=\"elementor-element elementor-element-6fddb1a9 iconames_box_indexpoble ico_archiveblog elementor-widget elementor-widget-heading\" data-id=\"6fddb1a9\" data-element_type=\"widget\" data-e-type=\"widget\" data-widget_type=\"heading.default\">\n\t\t\t\t<div class=\"elementor-widget-container\">\n\t\t\t\t\t<span class=\"elementor-heading-title elementor-size-default\"><a href=\"https:\/\/www.segriapap.cat\/es\/inicio-de-la-campana-informativa-para-el-desarrollo-del-puerta-a-puerta\/\">+<\/a><\/span>\t\t\t\t<\/div>\n\t\t\t\t<\/div>\n\t\t\t\t\t<\/div>\n\t\t<\/div>\n\t\t\t\t\t<\/div>\n\t\t<\/section>\n\t\t\t\t<\/div>\n\t\t\t\t\t\t\t\t\t\t<\/div>\n\t\t\t\t\t\t\t<\/div>\n\t\t<\/article>\n\n\t\t\t\t<\/div>\n\t\t\t\t\n\n\n\t\t\n\t\t\t\t\t<\/div>\n\t\t\n\t\t\t\t\t\t<\/div>\n\t\t\t\t<\/div>\n\t\t\t\t\t<\/div>\n\t\t<\/div>\n\t\t\t\t\t<\/div>\n\t\t<\/section>\n\t\t\t\t<\/div>\n\t\t","protected":false},"excerpt":{"rendered":"<p>05.09.18 El Porta a Porta del Segri\u00e0 &nbsp; L\u2019Antonieta i la Pepita, les tietes del Segri\u00e0, t\u2019expliquen qu\u00e8 \u00e9s el \u201cPorta a Porta del Segri\u00e0\u201d, i tota la informaci\u00f3 necess\u00e0ria per a fer-ho correctament. + 05.09.18 L\u20191 d\u2019octubre comen\u00e7a el servei a Artesa de Lleida, Aspa, Corbins, Els Alam\u00fas, La Portella, Puigverd de Lleida i &#8230; <a title=\"Actualidad\" class=\"read-more\" href=\"https:\/\/www.segriapap.cat\/es\/actualidad\/\" aria-label=\"Leer m\u00e1s sobre Actualidad\">Leer m\u00e1s<\/a><\/p>\n","protected":false},"author":1,"featured_media":878,"parent":0,"menu_order":0,"comment_status":"closed","ping_status":"closed","template":"","meta":{"_acf_changed":false,"footnotes":""},"class_list":["post-23","page","type-page","status-publish","has-post-thumbnail"],"acf":[],"_links":{"self":[{"href":"https:\/\/www.segriapap.cat\/es\/wp-json\/wp\/v2\/pages\/23","targetHints":{"allow":["GET"]}}],"collection":[{"href":"https:\/\/www.segriapap.cat\/es\/wp-json\/wp\/v2\/pages"}],"about":[{"href":"https:\/\/www.segriapap.cat\/es\/wp-json\/wp\/v2\/types\/page"}],"author":[{"embeddable":true,"href":"https:\/\/www.segriapap.cat\/es\/wp-json\/wp\/v2\/users\/1"}],"replies":[{"embeddable":true,"href":"https:\/\/www.segriapap.cat\/es\/wp-json\/wp\/v2\/comments?post=23"}],"version-history":[{"count":13,"href":"https:\/\/www.segriapap.cat\/es\/wp-json\/wp\/v2\/pages\/23\/revisions"}],"predecessor-version":[{"id":1743,"href":"https:\/\/www.segriapap.cat\/es\/wp-json\/wp\/v2\/pages\/23\/revisions\/1743"}],"wp:featuredmedia":[{"embeddable":true,"href":"https:\/\/www.segriapap.cat\/es\/wp-json\/wp\/v2\/media\/878"}],"wp:attachment":[{"href":"https:\/\/www.segriapap.cat\/es\/wp-json\/wp\/v2\/media?parent=23"}],"curies":[{"name":"wp","href":"https:\/\/api.w.org\/{rel}","templated":true}]}}