
{"id":20,"date":"2018-08-04T10:49:45","date_gmt":"2018-08-04T08:49:45","guid":{"rendered":"https:\/\/www.segriapap.cat\/?page_id=20"},"modified":"2018-10-04T10:21:55","modified_gmt":"2018-10-04T08:21:55","slug":"mi-municipio","status":"publish","type":"page","link":"https:\/\/www.segriapap.cat\/es\/mi-municipio\/","title":{"rendered":"MI MUNICIPIO"},"content":{"rendered":"\t\t<div data-elementor-type=\"wp-post\" data-elementor-id=\"20\" class=\"elementor elementor-20 elementor-bc-flex-widget\" data-elementor-post-type=\"page\">\n\t\t\t\t\t\t<section class=\"has_ae_slider elementor-section elementor-top-section elementor-element elementor-element-0138d0d elementor-section-boxed elementor-section-height-default elementor-section-height-default ae-bg-gallery-type-default\" data-id=\"0138d0d\" data-element_type=\"section\" data-e-type=\"section\">\n\t\t\t\t\t\t<div class=\"elementor-container elementor-column-gap-default\">\n\t\t\t\t\t<div class=\"has_ae_slider elementor-column elementor-col-33 elementor-top-column elementor-element elementor-element-f934f55 ae-bg-gallery-type-default\" data-id=\"f934f55\" data-element_type=\"column\" data-e-type=\"column\">\n\t\t\t<div class=\"elementor-widget-wrap elementor-element-populated\">\n\t\t\t\t\t\t<div class=\"elementor-element elementor-element-d36ab03 elementor-widget elementor-widget-text-editor\" data-id=\"d36ab03\" data-element_type=\"widget\" data-e-type=\"widget\" data-widget_type=\"text-editor.default\">\n\t\t\t\t<div class=\"elementor-widget-container\">\n\t\t\t\t\t\t\t\t\t<p><a href=\"https:\/\/www.segriapap.cat\/es\/mi-municipio\/alcarras\/\">ALCARR\u00c0S<\/a><\/p><p><a href=\"https:\/\/www.segriapap.cat\/es\/mi-municipio\/alfarras\/\">ALFARR\u00c0S<\/a><\/p><p><a href=\"https:\/\/www.segriapap.cat\/es\/mi-municipio\/alguaire\/\">ALGUAIRE<\/a><\/p><p><a href=\"https:\/\/www.segriapap.cat\/es\/mi-municipio\/almatret\/\">ALMATRET<\/a><\/p><p><a href=\"https:\/\/www.segriapap.cat\/es\/mi-municipio\/almenar\/\">ALMENAR<\/a><\/p><p><a href=\"https:\/\/www.segriapap.cat\/es\/mi-municipio\/artesa-de-lleida\/\">ARTESA DE LLEIDA<\/a><\/p><p><a href=\"https:\/\/www.segriapap.cat\/es\/mi-municipio\/aspa\/\">ASPA<\/a><\/p><p><a href=\"https:\/\/www.segriapap.cat\/es\/mi-municipio\/corbins\/\">CORBINS<\/a><\/p><p><a href=\"https:\/\/www.segriapap.cat\/es\/mi-municipio\/els-alamus\/\">ELS ALAM\u00daS<\/a><\/p><p><a href=\"https:\/\/www.segriapap.cat\/es\/mi-municipio\/la-granja-escarp\/\">LA GRANJA D&#8217;ESCARP<\/a><\/p><p><a href=\"https:\/\/www.segriapap.cat\/es\/mi-municipio\/la-portella\/\">LA PORTELLA<\/a><\/p>\t\t\t\t\t\t\t\t<\/div>\n\t\t\t\t<\/div>\n\t\t\t\t\t<\/div>\n\t\t<\/div>\n\t\t\t\t<div class=\"has_ae_slider elementor-column elementor-col-33 elementor-top-column elementor-element elementor-element-6a08b17 ae-bg-gallery-type-default\" data-id=\"6a08b17\" data-element_type=\"column\" data-e-type=\"column\">\n\t\t\t<div class=\"elementor-widget-wrap elementor-element-populated\">\n\t\t\t\t\t\t<div class=\"elementor-element elementor-element-eb0ce69 elementor-widget elementor-widget-text-editor\" data-id=\"eb0ce69\" data-element_type=\"widget\" data-e-type=\"widget\" data-widget_type=\"text-editor.default\">\n\t\t\t\t<div class=\"elementor-widget-container\">\n\t\t\t\t\t\t\t\t\t<p><a href=\"https:\/\/www.segriapap.cat\/es\/mi-municipio\/llardecans\/\">LLARDECANS<\/a><\/p><p><a href=\"https:\/\/www.segriapap.cat\/es\/mi-municipio\/maials\/\">MAIALS<\/a><\/p><p><a href=\"https:\/\/www.segriapap.cat\/es\/mi-municipio\/massalcoreig\/\">MASSALCOREIG<\/a><\/p><p><a href=\"https:\/\/www.segriapap.cat\/es\/mi-municipio\/montoliu\/\">MONTOLIU DE LLEIDA<\/a><\/p><p><a href=\"https:\/\/www.segriapap.cat\/es\/mi-municipio\/puigverd\/\">PUIGVERD DE LLEIDA<\/a><\/p><p><a href=\"https:\/\/www.segriapap.cat\/es\/mi-municipio\/sarroca\/\">SARROCA DE LLEIDA<\/a><\/p><p><a href=\"https:\/\/www.segriapap.cat\/es\/mi-municipio\/seros\/\">SER\u00d2S<\/a><\/p><p><a href=\"https:\/\/www.segriapap.cat\/es\/mi-municipio\/soses\/\">SOSES<\/a><\/p><p><a href=\"https:\/\/www.segriapap.cat\/es\/mi-municipio\/sudanell\/\">SUDANELL<\/a><\/p><p><a href=\"https:\/\/www.segriapap.cat\/es\/mi-municipio\/sunyer\/\">SUNYER<\/a><\/p><p><a href=\"https:\/\/www.segriapap.cat\/es\/mi-municipio\/torrebesses\/\">TORREBESSES<\/a><\/p>\t\t\t\t\t\t\t\t<\/div>\n\t\t\t\t<\/div>\n\t\t\t\t\t<\/div>\n\t\t<\/div>\n\t\t\t\t<div class=\"has_ae_slider elementor-column elementor-col-33 elementor-top-column elementor-element elementor-element-c524c4f ae-bg-gallery-type-default\" data-id=\"c524c4f\" data-element_type=\"column\" data-e-type=\"column\">\n\t\t\t<div class=\"elementor-widget-wrap\">\n\t\t\t\t\t\t\t<\/div>\n\t\t<\/div>\n\t\t\t\t\t<\/div>\n\t\t<\/section>\n\t\t\t\t<\/div>\n\t\t","protected":false},"excerpt":{"rendered":"<p>ALCARR\u00c0S ALFARR\u00c0S ALGUAIRE ALMATRET ALMENAR ARTESA DE LLEIDA ASPA CORBINS ELS ALAM\u00daS LA GRANJA D&#8217;ESCARP LA PORTELLA LLARDECANS MAIALS MASSALCOREIG MONTOLIU DE LLEIDA PUIGVERD DE LLEIDA SARROCA DE LLEIDA SER\u00d2S SOSES SUDANELL SUNYER TORREBESSES<\/p>\n","protected":false},"author":1,"featured_media":0,"parent":0,"menu_order":0,"comment_status":"closed","ping_status":"closed","template":"plantilla-elmeupoble.php","meta":{"_acf_changed":false,"footnotes":""},"class_list":["post-20","page","type-page","status-publish","hentry"],"acf":[],"_links":{"self":[{"href":"https:\/\/www.segriapap.cat\/es\/wp-json\/wp\/v2\/pages\/20","targetHints":{"allow":["GET"]}}],"collection":[{"href":"https:\/\/www.segriapap.cat\/es\/wp-json\/wp\/v2\/pages"}],"about":[{"href":"https:\/\/www.segriapap.cat\/es\/wp-json\/wp\/v2\/types\/page"}],"author":[{"embeddable":true,"href":"https:\/\/www.segriapap.cat\/es\/wp-json\/wp\/v2\/users\/1"}],"replies":[{"embeddable":true,"href":"https:\/\/www.segriapap.cat\/es\/wp-json\/wp\/v2\/comments?post=20"}],"version-history":[{"count":19,"href":"https:\/\/www.segriapap.cat\/es\/wp-json\/wp\/v2\/pages\/20\/revisions"}],"predecessor-version":[{"id":1716,"href":"https:\/\/www.segriapap.cat\/es\/wp-json\/wp\/v2\/pages\/20\/revisions\/1716"}],"wp:attachment":[{"href":"https:\/\/www.segriapap.cat\/es\/wp-json\/wp\/v2\/media?parent=20"}],"curies":[{"name":"wp","href":"https:\/\/api.w.org\/{rel}","templated":true}]}}