
{"id":18,"date":"2018-08-04T10:49:45","date_gmt":"2018-08-04T08:49:45","guid":{"rendered":"https:\/\/www.segriapap.cat\/?page_id=18"},"modified":"2018-10-15T12:40:04","modified_gmt":"2018-10-15T10:40:04","slug":"faq","status":"publish","type":"page","link":"https:\/\/www.segriapap.cat\/es\/faq\/","title":{"rendered":"FAQ"},"content":{"rendered":"\t\t<div data-elementor-type=\"wp-post\" data-elementor-id=\"18\" class=\"elementor elementor-18 elementor-bc-flex-widget\" data-elementor-post-type=\"page\">\n\t\t\t\t\t\t<section class=\"has_ae_slider elementor-section elementor-top-section elementor-element elementor-element-9792b97 seccio_mmarge_15 elementor-section-boxed elementor-section-height-default elementor-section-height-default ae-bg-gallery-type-default\" data-id=\"9792b97\" data-element_type=\"section\" data-e-type=\"section\">\n\t\t\t\t\t\t<div class=\"elementor-container elementor-column-gap-default\">\n\t\t\t\t\t<div class=\"has_ae_slider elementor-column elementor-col-50 elementor-top-column elementor-element elementor-element-9e381a6 ae-bg-gallery-type-default\" data-id=\"9e381a6\" data-element_type=\"column\" data-e-type=\"column\">\n\t\t\t<div class=\"elementor-widget-wrap elementor-element-populated\">\n\t\t\t\t\t\t<div class=\"elementor-element elementor-element-414a860c mida16 colorgris amagar elementor-hidden-desktop elementor-hidden-tablet elementor-hidden-phone elementor-widget elementor-widget-heading\" data-id=\"414a860c\" data-element_type=\"widget\" data-e-type=\"widget\" data-widget_type=\"heading.default\">\n\t\t\t\t<div class=\"elementor-widget-container\">\n\t\t\t\t\t<h1 class=\"elementor-heading-title elementor-size-default\">FAQ<\/h1>\t\t\t\t<\/div>\n\t\t\t\t<\/div>\n\t\t\t\t<div class=\"elementor-element elementor-element-23df97d elementor-vertical-align-top elementor-widget elementor-widget-image-box\" data-id=\"23df97d\" data-element_type=\"widget\" data-e-type=\"widget\" data-widget_type=\"image-box.default\">\n\t\t\t\t<div class=\"elementor-widget-container\">\n\t\t\t\t\t<div class=\"elementor-image-box-wrapper\"><div class=\"elementor-image-box-content\"><h3 class=\"elementor-image-box-title\">\u2028\u00bfPORQUE SE HA ESCOGIDO ESTE SISTEMA? <\/h3><p class=\"elementor-image-box-description\">Por un lado, analizando la experiencia catalana en el \u00e1mbito de la recogida selectiva, se observa que un 90% de los 50 primeros municipios que m\u00e1s reciclan en Catalu\u00f1a, disponen del sistema de recogida puerta a puerta, un hecho bastante determinante. <br>\nPor otro lado, mientras que los sistemas de aportaci\u00f3n con contenedores no nos permiten superar el 40% de recogida selectiva, el PaP tiene porcentajes que superan incluso el 80%; y adem\u00e1s, hay que tener en cuenta que el 90% de los residuos que generamos se pueden reciclar si los separamos correctamente.<\/p><\/div><\/div>\t\t\t\t<\/div>\n\t\t\t\t<\/div>\n\t\t\t\t<div class=\"elementor-element elementor-element-4e0caf2 elementor-vertical-align-top elementor-widget elementor-widget-image-box\" data-id=\"4e0caf2\" data-element_type=\"widget\" data-e-type=\"widget\" data-widget_type=\"image-box.default\">\n\t\t\t\t<div class=\"elementor-widget-container\">\n\t\t\t\t\t<div class=\"elementor-image-box-wrapper\"><div class=\"elementor-image-box-content\"><h3 class=\"elementor-image-box-title\">\u2028\u00bfQU\u00c9 VENTAJAS TIENE PARA MI EL PUERTA A PUERTA?<\/h3><p class=\"elementor-image-box-description\">Aparte de las ventajas medioambientales, tambi\u00e9n dejamos atr\u00e1s los puntos de vertido incontrolados de muebles y trastos viejos, desbordamientos y malos olores que nos encontramos muy a menudo en las \u00e1reas de contenedores. Con el Puerta a Puerta conseguimos unas calles m\u00e1s limpias y ganar espacio p\u00fablico, eliminando elementos de la v\u00eda p\u00fablica. Adem\u00e1s, tiene la comodidad de dejar los residuos en la puerta de casa y no tener que desplazarse hasta los contenedores. Econ\u00f3micamente, es un sistema que evita la futura subida de la tasa de basuras, ya que, la Agencia de Residuos penaliza con un canon, que va en aumento a\u00f1o tras a\u00f1o, cada tonelada de residuos que llevamos al vertedero. Adem\u00e1s, por cada tonelada de residuos que recogemos bien separados se reciben unos ingresos que permiten compensar los costes de recogida. Si mantuvi\u00e9ramos el sistema de recogida en contenedores, con las toneladas que llevamos actualmente al vertedero la tasa deber\u00eda ir subiendo para poder compensar el incremento del canon. El hecho de reducir la fracci\u00f3n resto e incrementar la recogida selectiva, que tambi\u00e9n significa incrementar los ingresos, podr\u00eda permitir congelar la tasa e incluso, si los resultados superan el 70%, rebajarla.<\/p><\/div><\/div>\t\t\t\t<\/div>\n\t\t\t\t<\/div>\n\t\t\t\t<div class=\"elementor-element elementor-element-44cefdf elementor-vertical-align-top elementor-widget elementor-widget-image-box\" data-id=\"44cefdf\" data-element_type=\"widget\" data-e-type=\"widget\" data-widget_type=\"image-box.default\">\n\t\t\t\t<div class=\"elementor-widget-container\">\n\t\t\t\t\t<div class=\"elementor-image-box-wrapper\"><div class=\"elementor-image-box-content\"><h3 class=\"elementor-image-box-title\">\u00bfQU\u00c9 PASA SI NO LO HAGO BIEN?<\/h3><p class=\"elementor-image-box-description\">Inicialmente, los operarios del servicio no recoger\u00e1n la bolsa y dejaran un adhesivo donde se indicar\u00e1 porque ese cubo no ha sido recogido, ya sea porque no se han separado correctamente los residuos de su interior, por depositar una fracci\u00f3n que no toca, por dejar la bolsa sin el cubo... <br>Si estas acciones se producen reiteradamente en una misma vivienda y\/o establecimiento comercial, un educador ambiental del servicio visitar\u00e1 el usuario correspondiente para analizar la situaci\u00f3n, y ayudar a mejorar su conducta.<\/p><\/div><\/div>\t\t\t\t<\/div>\n\t\t\t\t<\/div>\n\t\t\t\t\t<\/div>\n\t\t<\/div>\n\t\t\t\t<div class=\"has_ae_slider elementor-column elementor-col-50 elementor-top-column elementor-element elementor-element-9980a58 ae-bg-gallery-type-default\" data-id=\"9980a58\" data-element_type=\"column\" data-e-type=\"column\">\n\t\t\t<div class=\"elementor-widget-wrap elementor-element-populated\">\n\t\t\t\t\t\t<div class=\"elementor-element elementor-element-8da7467 elementor-vertical-align-top elementor-widget elementor-widget-image-box\" data-id=\"8da7467\" data-element_type=\"widget\" data-e-type=\"widget\" data-widget_type=\"image-box.default\">\n\t\t\t\t<div class=\"elementor-widget-container\">\n\t\t\t\t\t<div class=\"elementor-image-box-wrapper\"><div class=\"elementor-image-box-content\"><h3 class=\"elementor-image-box-title\">\u00bfQu\u00e9 PUEDO HACER SI ME VOY DE VACACIONES? <\/h3><p class=\"elementor-image-box-description\">Puedes llevar tus desechos a la microdeixalleria.<\/p><\/div><\/div>\t\t\t\t<\/div>\n\t\t\t\t<\/div>\n\t\t\t\t<div class=\"elementor-element elementor-element-a96bef4 elementor-vertical-align-top elementor-widget elementor-widget-image-box\" data-id=\"a96bef4\" data-element_type=\"widget\" data-e-type=\"widget\" data-widget_type=\"image-box.default\">\n\t\t\t\t<div class=\"elementor-widget-container\">\n\t\t\t\t\t<div class=\"elementor-image-box-wrapper\"><div class=\"elementor-image-box-content\"><h3 class=\"elementor-image-box-title\">\u2028\u00bfLOS ANIMALES PODRAN ABRIR LOS CUBOS Y ESPARCIR LOS RESIDUOS POR LA CALLE? <\/h3><p class=\"elementor-image-box-description\">No, los cubos disponen de un sistema de cierre y bloqueo para que los animales no puedan abrirlos.<\/p><\/div><\/div>\t\t\t\t<\/div>\n\t\t\t\t<\/div>\n\t\t\t\t<div class=\"elementor-element elementor-element-047c7ef elementor-vertical-align-top elementor-widget elementor-widget-image-box\" data-id=\"047c7ef\" data-element_type=\"widget\" data-e-type=\"widget\" data-widget_type=\"image-box.default\">\n\t\t\t\t<div class=\"elementor-widget-container\">\n\t\t\t\t\t<div class=\"elementor-image-box-wrapper\"><div class=\"elementor-image-box-content\"><h3 class=\"elementor-image-box-title\">\u2028\u00bfQU\u00c9 PASA CON LOS EDIFICIOS CON MUCHAS VIVIENDAS?<\/h3><p class=\"elementor-image-box-description\">En los municipios que disponen de bloques de pisos se ha estudiado cada caso, para definir cu\u00e1l es la mejor opci\u00f3n de aportaci\u00f3n de los cubos.<\/p><\/div><\/div>\t\t\t\t<\/div>\n\t\t\t\t<\/div>\n\t\t\t\t<div class=\"elementor-element elementor-element-074ee3c elementor-vertical-align-top elementor-widget elementor-widget-image-box\" data-id=\"074ee3c\" data-element_type=\"widget\" data-e-type=\"widget\" data-widget_type=\"image-box.default\">\n\t\t\t\t<div class=\"elementor-widget-container\">\n\t\t\t\t\t<div class=\"elementor-image-box-wrapper\"><div class=\"elementor-image-box-content\"><h3 class=\"elementor-image-box-title\">\u2028\u00bfQU\u00c9 HAGO CUANDO ME QUEDE SIN BOLSAS COMPOSTABLES?<\/h3><p class=\"elementor-image-box-description\">Puedes pasar por la oficina del Puerta a Puerta y te daremos otro paquete. Cada vivienda podr\u00e1 recoger un paquete de bolsas compostables trimestralmente en la oficina Puerta a Puerta.<\/p><\/div><\/div>\t\t\t\t<\/div>\n\t\t\t\t<\/div>\n\t\t\t\t<div class=\"elementor-element elementor-element-bbc51b7 elementor-vertical-align-top elementor-widget elementor-widget-image-box\" data-id=\"bbc51b7\" data-element_type=\"widget\" data-e-type=\"widget\" data-widget_type=\"image-box.default\">\n\t\t\t\t<div class=\"elementor-widget-container\">\n\t\t\t\t\t<div class=\"elementor-image-box-wrapper\"><div class=\"elementor-image-box-content\"><h3 class=\"elementor-image-box-title\">\u2028MIENTRAS ESPERO EL D\u00cdA DE RECOGIDA DE LA ORG\u00c1NICA O LA FRACCI\u00d3N RESTO, \u00bfC\u00d3MO EVITO LOS MALOS OLORES DENTRO DE CASA?<\/h3><p class=\"elementor-image-box-description\">La fracci\u00f3n resto no genera mal olor, ya que las compresas, los pa\u00f1ales o los excrementos de animales, que son los residuos que podr\u00edan generar malos olores, se pueden sacar cada d\u00eda en una bolsa aparte identificada con el adhesivo amarillo. Respecto la materia org\u00e1nica, gracias al sistema de cubo aireado, y junto con la bolsa compostable, permite la evaporaci\u00f3n de los l\u00edquidos, evitando as\u00ed los malos olores.\n<\/p><\/div><\/div>\t\t\t\t<\/div>\n\t\t\t\t<\/div>\n\t\t\t\t\t<\/div>\n\t\t<\/div>\n\t\t\t\t\t<\/div>\n\t\t<\/section>\n\t\t\t\t<\/div>\n\t\t","protected":false},"excerpt":{"rendered":"<p>\u2028\u00bfPORQUE SE HA ESCOGIDO ESTE SISTEMA? Por un lado, analizando la experiencia catalana en el \u00e1mbito de la recogida selectiva, se observa que un 90% de los 50 primeros municipios que m\u00e1s reciclan en Catalu\u00f1a, disponen del sistema de recogida puerta a puerta, un hecho bastante determinante. Por otro lado, mientras que los sistemas de &#8230; <a title=\"FAQ\" class=\"read-more\" href=\"https:\/\/www.segriapap.cat\/es\/faq\/\" aria-label=\"Leer m\u00e1s sobre FAQ\">Leer m\u00e1s<\/a><\/p>\n","protected":false},"author":1,"featured_media":0,"parent":0,"menu_order":0,"comment_status":"closed","ping_status":"closed","template":"","meta":{"_acf_changed":false,"footnotes":""},"class_list":["post-18","page","type-page","status-publish"],"acf":[],"_links":{"self":[{"href":"https:\/\/www.segriapap.cat\/es\/wp-json\/wp\/v2\/pages\/18","targetHints":{"allow":["GET"]}}],"collection":[{"href":"https:\/\/www.segriapap.cat\/es\/wp-json\/wp\/v2\/pages"}],"about":[{"href":"https:\/\/www.segriapap.cat\/es\/wp-json\/wp\/v2\/types\/page"}],"author":[{"embeddable":true,"href":"https:\/\/www.segriapap.cat\/es\/wp-json\/wp\/v2\/users\/1"}],"replies":[{"embeddable":true,"href":"https:\/\/www.segriapap.cat\/es\/wp-json\/wp\/v2\/comments?post=18"}],"version-history":[{"count":11,"href":"https:\/\/www.segriapap.cat\/es\/wp-json\/wp\/v2\/pages\/18\/revisions"}],"predecessor-version":[{"id":1946,"href":"https:\/\/www.segriapap.cat\/es\/wp-json\/wp\/v2\/pages\/18\/revisions\/1946"}],"wp:attachment":[{"href":"https:\/\/www.segriapap.cat\/es\/wp-json\/wp\/v2\/media?parent=18"}],"curies":[{"name":"wp","href":"https:\/\/api.w.org\/{rel}","templated":true}]}}