
{"id":1612,"date":"2018-08-04T10:49:45","date_gmt":"2018-08-04T08:49:45","guid":{"rendered":"https:\/\/www.segriapap.cat\/?page_id=1612"},"modified":"2018-10-15T12:38:11","modified_gmt":"2018-10-15T10:38:11","slug":"poda","status":"publish","type":"page","link":"https:\/\/www.segriapap.cat\/es\/recogida\/voluminosos-y-otros-servicios\/poda\/","title":{"rendered":"Poda"},"content":{"rendered":"\t\t<div data-elementor-type=\"wp-post\" data-elementor-id=\"1612\" class=\"elementor elementor-1612 elementor-bc-flex-widget\" data-elementor-post-type=\"page\">\n\t\t\t\t\t\t<section class=\"has_ae_slider elementor-section elementor-top-section elementor-element elementor-element-74bc8c8 elementor-section-boxed elementor-section-height-default elementor-section-height-default ae-bg-gallery-type-default\" data-id=\"74bc8c8\" data-element_type=\"section\" data-e-type=\"section\">\n\t\t\t\t\t\t<div class=\"elementor-container elementor-column-gap-default\">\n\t\t\t\t\t<div class=\"has_ae_slider elementor-column elementor-col-50 elementor-top-column elementor-element elementor-element-4d36e363 ae-bg-gallery-type-default\" data-id=\"4d36e363\" data-element_type=\"column\" data-e-type=\"column\">\n\t\t\t<div class=\"elementor-widget-wrap elementor-element-populated\">\n\t\t\t\t\t\t<div class=\"elementor-element elementor-element-5e4c2d52 elementor-widget elementor-widget-image\" data-id=\"5e4c2d52\" data-element_type=\"widget\" data-e-type=\"widget\" data-widget_type=\"image.default\">\n\t\t\t\t<div class=\"elementor-widget-container\">\n\t\t\t\t\t\t\t\t\t\t\t\t\t\t\t<img decoding=\"async\" width=\"64\" height=\"121\" src=\"https:\/\/www.segriapap.cat\/es\/wp-content\/uploads\/sites\/2\/WEB-PAP-PODA@2x.png\" class=\"attachment-full size-full wp-image-1601\" alt=\"\" \/>\t\t\t\t\t\t\t\t\t\t\t\t\t\t\t<\/div>\n\t\t\t\t<\/div>\n\t\t\t\t<div class=\"elementor-element elementor-element-7cb166e9 mida16 colorgris interlinia12 elementor-widget elementor-widget-heading\" data-id=\"7cb166e9\" data-element_type=\"widget\" data-e-type=\"widget\" data-widget_type=\"heading.default\">\n\t\t\t\t<div class=\"elementor-widget-container\">\n\t\t\t\t\t<h1 class=\"elementor-heading-title elementor-size-default\">Poda<\/h1>\t\t\t\t<\/div>\n\t\t\t\t<\/div>\n\t\t\t\t\t<\/div>\n\t\t<\/div>\n\t\t\t\t<div class=\"has_ae_slider elementor-column elementor-col-50 elementor-top-column elementor-element elementor-element-72f5e19e column_contentkit relative ae-bg-gallery-type-default\" data-id=\"72f5e19e\" data-element_type=\"column\" data-e-type=\"column\">\n\t\t\t<div class=\"elementor-widget-wrap elementor-element-populated\">\n\t\t\t\t\t\t<div class=\"elementor-element elementor-element-7ba45fb mida16 tradebold colorgris  elementor-widget elementor-widget-heading\" data-id=\"7ba45fb\" data-element_type=\"widget\" data-e-type=\"widget\" data-widget_type=\"heading.default\">\n\t\t\t\t<div class=\"elementor-widget-container\">\n\t\t\t\t\t<h2 class=\"elementor-heading-title elementor-size-default\">poda<\/h2>\t\t\t\t<\/div>\n\t\t\t\t<\/div>\n\t\t\t\t<div class=\"elementor-element elementor-element-7a7584d9 mida14 interlinia13 elementor-widget elementor-widget-text-editor\" data-id=\"7a7584d9\" data-element_type=\"widget\" data-e-type=\"widget\" data-widget_type=\"text-editor.default\">\n\t\t\t\t<div class=\"elementor-widget-container\">\n\t\t\t\t\t\t\t\t\t<p>(Este servicio s\u00f3lo est\u00e1 disponible en Alguaire y Puigverd de Lleida)<\/p>\t\t\t\t\t\t\t\t<\/div>\n\t\t\t\t<\/div>\n\t\t\t\t<div class=\"elementor-element elementor-element-8644bb1 mida16 interlinia13 elementor-widget elementor-widget-text-editor\" data-id=\"8644bb1\" data-element_type=\"widget\" data-e-type=\"widget\" data-widget_type=\"text-editor.default\">\n\t\t\t\t<div class=\"elementor-widget-container\">\n\t\t\t\t\t\t\t\t\t<p>La fracci\u00f3n vegetal de mayor tama\u00f1o y de tipo le\u00f1oso, que es generada principalmente por la poda de \u00e1rboles y arbustos.<\/p><p>Para los restos de poda peque\u00f1a inf\u00f3rmate del servicio semanal <a href=\"https:\/\/www.segriapap.cat\/es\/recogida\/como-funciona\/\"><span style=\"color: #b1a96d;\"><strong>aqu\u00ed<\/strong><\/span><\/a>.<\/p>\t\t\t\t\t\t\t\t<\/div>\n\t\t\t\t<\/div>\n\t\t\t\t<div class=\"elementor-element elementor-element-43092b8c mida16 colorgris tradebold elementor-widget elementor-widget-heading\" data-id=\"43092b8c\" data-element_type=\"widget\" data-e-type=\"widget\" data-widget_type=\"heading.default\">\n\t\t\t\t<div class=\"elementor-widget-container\">\n\t\t\t\t\t<p class=\"elementor-heading-title elementor-size-default\">\u00bfCu\u00e1ndo?<\/p>\t\t\t\t<\/div>\n\t\t\t\t<\/div>\n\t\t\t\t<div class=\"elementor-element elementor-element-d03ac20 mida16 interlinia13 elementor-widget elementor-widget-text-editor\" data-id=\"d03ac20\" data-element_type=\"widget\" data-e-type=\"widget\" data-widget_type=\"text-editor.default\">\n\t\t\t\t<div class=\"elementor-widget-container\">\n\t\t\t\t\t\t\t\t\t<p>Alguaire: hay que sacar los fardos o el big-bag de 1m3 el lunes por la noche en la puerta de casa.<br \/>Puigverd de Lleida: hay que sacar los fardos o el big-bag de 1m3 el martes por la noche en la puerta de casa.<\/p><p>* La recogida se llevar\u00e1 a cabo a las 8.00 h de la ma\u00f1ana.<\/p>\t\t\t\t\t\t\t\t<\/div>\n\t\t\t\t<\/div>\n\t\t\t\t<div class=\"elementor-element elementor-element-7bd6c69 mida16 colorgris tradebold elementor-widget elementor-widget-heading\" data-id=\"7bd6c69\" data-element_type=\"widget\" data-e-type=\"widget\" data-widget_type=\"heading.default\">\n\t\t\t\t<div class=\"elementor-widget-container\">\n\t\t\t\t\t<p class=\"elementor-heading-title elementor-size-default\">\u00bfQu\u00e9 elementos se recogen? <\/p>\t\t\t\t<\/div>\n\t\t\t\t<\/div>\n\t\t\t\t<div class=\"elementor-element elementor-element-48d0ab79 mida16 interlinia13 negretaverd elementor-widget elementor-widget-text-editor\" data-id=\"48d0ab79\" data-element_type=\"widget\" data-e-type=\"widget\" data-widget_type=\"text-editor.default\">\n\t\t\t\t<div class=\"elementor-widget-container\">\n\t\t\t\t\t\t\t\t\t<p>Son todas aquellas ramas de \u00e1rboles y arbustos, poda de setos vegetales, de plantas trepadoras&#8230;<\/p>\t\t\t\t\t\t\t\t<\/div>\n\t\t\t\t<\/div>\n\t\t\t\t<div class=\"elementor-element elementor-element-783915a mida16 colorgris tradebold elementor-widget elementor-widget-heading\" data-id=\"783915a\" data-element_type=\"widget\" data-e-type=\"widget\" data-widget_type=\"heading.default\">\n\t\t\t\t<div class=\"elementor-widget-container\">\n\t\t\t\t\t<p class=\"elementor-heading-title elementor-size-default\">\u00bfC\u00f3mo?<\/p>\t\t\t\t<\/div>\n\t\t\t\t<\/div>\n\t\t\t\t<div class=\"elementor-element elementor-element-084718e mida16 interlinia13 linkcaqui elementor-widget elementor-widget-text-editor\" data-id=\"084718e\" data-element_type=\"widget\" data-e-type=\"widget\" data-widget_type=\"text-editor.default\">\n\t\t\t\t<div class=\"elementor-widget-container\">\n\t\t\t\t\t\t\t\t\t<p>La recogida de poda se realizar\u00e1 en el portal de la vivienda, con fardos (un m\u00e1ximo de 4 o 5), siempre que se solicite previamente el servicio.<br \/>En el caso de las viviendas diseminadas el servicio de recogida acceder\u00e1 hasta la vivienda siempre que sea posible y, en otro caso, se propondr\u00e1 un punto de recogida lo m\u00e1s cercano posible a la vivienda. Este sitio ser\u00e1 la microdeixalleria.<\/p><p>Los vecinos\/as que deseen darse de alta y solicitar el servicio deben:<br \/>\u00b7 Llamar al 973 110 121<br \/>\u00b7 Enviar el formulario de solicitud a trav\u00e9s del correo:: info@segriapap.cat<br \/>\u00b7 A trav\u00e9s del <a href=\"https:\/\/www.segriapap.cat\/es\/recogida\/voluminosos-y-otros-servicios\/formulario-recogida-poda\/\"><strong>formulario<\/strong><\/a>.<br \/>\u00b7 Visitando la oficina del Puerta a Puerta de <strong><a href=\"https:\/\/www.segriapap.cat\/es\/mi-municipio\/alguaire\/oficina-del-puerta-a-puerta\/\">Alguaire<\/a><\/strong> o <strong><a href=\"https:\/\/www.segriapap.cat\/es\/mi-municipio\/puigverd\/oficina-del-puerta-a-puerta\/\">Puigverd de Lleida<\/a><\/strong>.<\/p>\t\t\t\t\t\t\t\t<\/div>\n\t\t\t\t<\/div>\n\t\t\t\t<div class=\"elementor-element elementor-element-306bf1dd elementor-widget elementor-widget-image\" data-id=\"306bf1dd\" data-element_type=\"widget\" data-e-type=\"widget\" data-widget_type=\"image.default\">\n\t\t\t\t<div class=\"elementor-widget-container\">\n\t\t\t\t\t\t\t\t\t\t\t\t\t\t\t\t<a href=\"https:\/\/www.segriapap.cat\/es\/recogida\/voluminosos-y-otros-servicios\/\">\n\t\t\t\t\t\t\t<img decoding=\"async\" width=\"62\" height=\"40\" src=\"https:\/\/www.segriapap.cat\/es\/wp-content\/uploads\/sites\/2\/css-fletxa.png\" class=\"attachment-full size-full wp-image-175\" alt=\"\" \/>\t\t\t\t\t\t\t\t<\/a>\n\t\t\t\t\t\t\t\t\t\t\t\t\t\t\t<\/div>\n\t\t\t\t<\/div>\n\t\t\t\t\t<\/div>\n\t\t<\/div>\n\t\t\t\t\t<\/div>\n\t\t<\/section>\n\t\t\t\t<\/div>\n\t\t","protected":false},"excerpt":{"rendered":"<p>Poda poda (Este servicio s\u00f3lo est\u00e1 disponible en Alguaire y Puigverd de Lleida) La fracci\u00f3n vegetal de mayor tama\u00f1o y de tipo le\u00f1oso, que es generada principalmente por la poda de \u00e1rboles y arbustos. Para los restos de poda peque\u00f1a inf\u00f3rmate del servicio semanal aqu\u00ed. \u00bfCu\u00e1ndo? Alguaire: hay que sacar los fardos o el big-bag &#8230; <a title=\"Poda\" class=\"read-more\" href=\"https:\/\/www.segriapap.cat\/es\/recogida\/voluminosos-y-otros-servicios\/poda\/\" aria-label=\"Leer m\u00e1s sobre Poda\">Leer m\u00e1s<\/a><\/p>\n","protected":false},"author":1,"featured_media":1601,"parent":26,"menu_order":0,"comment_status":"closed","ping_status":"closed","template":"","meta":{"_acf_changed":false,"footnotes":""},"class_list":["post-1612","page","type-page","status-publish","has-post-thumbnail"],"acf":[],"_links":{"self":[{"href":"https:\/\/www.segriapap.cat\/es\/wp-json\/wp\/v2\/pages\/1612","targetHints":{"allow":["GET"]}}],"collection":[{"href":"https:\/\/www.segriapap.cat\/es\/wp-json\/wp\/v2\/pages"}],"about":[{"href":"https:\/\/www.segriapap.cat\/es\/wp-json\/wp\/v2\/types\/page"}],"author":[{"embeddable":true,"href":"https:\/\/www.segriapap.cat\/es\/wp-json\/wp\/v2\/users\/1"}],"replies":[{"embeddable":true,"href":"https:\/\/www.segriapap.cat\/es\/wp-json\/wp\/v2\/comments?post=1612"}],"version-history":[{"count":11,"href":"https:\/\/www.segriapap.cat\/es\/wp-json\/wp\/v2\/pages\/1612\/revisions"}],"predecessor-version":[{"id":1945,"href":"https:\/\/www.segriapap.cat\/es\/wp-json\/wp\/v2\/pages\/1612\/revisions\/1945"}],"up":[{"embeddable":true,"href":"https:\/\/www.segriapap.cat\/es\/wp-json\/wp\/v2\/pages\/26"}],"wp:featuredmedia":[{"embeddable":true,"href":"https:\/\/www.segriapap.cat\/es\/wp-json\/wp\/v2\/media\/1601"}],"wp:attachment":[{"href":"https:\/\/www.segriapap.cat\/es\/wp-json\/wp\/v2\/media?parent=1612"}],"curies":[{"name":"wp","href":"https:\/\/api.w.org\/{rel}","templated":true}]}}