
{"id":1483,"date":"2018-09-06T12:14:46","date_gmt":"2018-09-06T10:14:46","guid":{"rendered":"https:\/\/www.segriapap.cat\/?page_id=1483"},"modified":"2018-10-09T16:32:05","modified_gmt":"2018-10-09T14:32:05","slug":"politica-de-cookies","status":"publish","type":"page","link":"https:\/\/www.segriapap.cat\/es\/politica-de-cookies\/","title":{"rendered":"Pol\u00edtica de Cookies"},"content":{"rendered":"<p class=\"p1\"><span class=\"s2\"><b>Pol\u00edtica de Cookies<\/b><\/span><\/p>\n<p class=\"p2\"><span class=\"s2\">Nuestra p\u00e1gina, utiliza cookies de terceros. Las cookies las usamos para realizar ciertos an\u00e1lisis de la web, y sacar estad\u00edsticas, poder adaptar los elementos presentados y analizar la funcionalidad de alguna de las secciones. <\/span><\/p>\n<p class=\"p2\"><span class=\"s2\">Aqu\u00ed te vamos a explicar que son las cookies. Adem\u00e1s, te daremos informaci\u00f3n sobre las cookies que usamos, y te explicaremos como configurarlas de manera que puedas inhabilitarlas o mantenerlas activas. <\/span><\/p>\n<p class=\"p3\"><span class=\"s2\">Por favor si tienes dudas respecto a las cookies que est\u00e1n presentes en esta web, puedes consultarnos mediante un correo electr\u00f3nico a la siguiente direcci\u00f3n <a href=\"mailto:rgpd@sorigue.com\"><span class=\"s3\">rgpd@sorigue.com<\/span><\/a> <\/span><\/p>\n<p class=\"p1\"><span class=\"s2\"><b>Que son las cookies<\/b><\/span><\/p>\n<p class=\"p2\"><span class=\"s2\">Las cookies son peque\u00f1os archivos que se almacenan en los equipos que los usuarios emplean para navegar por internet \u2013Smartphone, Tablet, ordenador-.<span class=\"Apple-converted-space\">\u00a0 <\/span>Estos ficheros, recogen informaci\u00f3n y se la transmiten al responsable de su instalaci\u00f3n.\u00a0<\/span><\/p>\n<p class=\"p2\"><span class=\"s2\">Puedes inhabilitar las cookies empleadas por nuestro Portal.<span class=\"Apple-converted-space\">\u00a0 <\/span>Para ello te vamos a explicar como configurar el navegador de Internet. Recuerda, puedes borrar las cookies, bloquearlas o detectarlas antes de su instalaci\u00f3n. <\/span><\/p>\n<p class=\"p3\"><span class=\"s2\">Puedes obtener m\u00e1s informaci\u00f3n en http:\/\/www.allaboutcookies.org\/es\/ o http:\/\/youronlinechoices.eu (en la UE) o http:\/\/aboutads.info (en EE. UU.). <\/span><\/p>\n<p class=\"p4\"><span class=\"s2\"><b>Los tipos de cookies que utilizamos:<\/b><\/span><\/p>\n<p class=\"p5\"><span class=\"s2\">Usamos cookies \u00abanal\u00edticas\u00bb que, junto con la informaci\u00f3n del servidor de alojamiento, obtenemos informaci\u00f3n relacionada con el n\u00famero de visitas de nuestra web y de las secciones que tienen m\u00e1s aceptaci\u00f3n. Si estas en nuestra web, las cookies registrar\u00e1n la visita..<\/span><\/p>\n<p class=\"p5\"><span class=\"s2\">Nuestras cookies son anal\u00edticas, porque nos permiten el seguimiento y an\u00e1lisis del comportamiento de los usuarios de los sitios web a los que est\u00e1n vinculadas, empleando esta informaci\u00f3n en la medici\u00f3n de la actividad de los sitios web y para la elaboraci\u00f3n de perfiles de navegaci\u00f3n de los usuarios. Algunas son necesarias y sin ellas, no puede mostrarse la propia web o alguna de sus secciones o elementos contenidos. Otras son funcionales.<\/span><\/p>\n<p class=\"p5\"><span class=\"s2\"><b>Cookies estrictamente necesarias:<\/b><\/span><\/p>\n<p class=\"p5\"><span class=\"s2\">Estas cookies son necesarias para el correcto uso de la p\u00e1gina web, permitiendo el acceso a secciones. Sin estas cookies, muchos de los servicios disponibles no estar\u00edan operativos.<\/span><\/p>\n<p class=\"p5\"><span class=\"s2\"><b>Cookies de Navegaci\u00f3n:<\/b><\/span><\/p>\n<p class=\"p5\"><span class=\"s2\">Estas cookies recogen informaci\u00f3n sobre el uso que las visitas hacen de la web, por ejemplo, p\u00e1ginas vistas, errores de carga\u2026 Es informaci\u00f3n gen\u00e9rica y an\u00f3nima, donde no se incluyen datos personales, ni se recoge informaci\u00f3n que identifique a los visitantes; siendo el objetivo \u00faltimo mejorar el funcionamiento de la web.\u00a0<\/span><\/p>\n<p class=\"p6\"><span class=\"s2\">Nuestras cookies son de WordPress y de<span class=\"Apple-converted-space\">\u00a0 <\/span>Google Analytics.<\/span><\/p>\n<p class=\"p5\"><span class=\"s2\"><b>Cookies Funcionales:<\/b><\/span><\/p>\n<p class=\"p5\"><span class=\"s2\">Estas cookies permiten recordar informaci\u00f3n. Por ejemplo, la posibilidad de ofrecer contenido personalizado basado en la informaci\u00f3n y criterios que hayas proporcionado voluntariamente. Estas cookies tambi\u00e9n pueden utilizarse para recordar los cambios realizados en el tama\u00f1o del texto, fuentes y otras partes personalizables de la p\u00e1gina web. La informaci\u00f3n que recopilan estas cookies puede ser an\u00f3nima y no podr\u00e1 ser seguida su actividad en otras p\u00e1ginas web. <\/span><\/p>\n<p class=\"p4\"><span class=\"s2\"><b>C\u00f3mo configurar\/ administrar las cookies <\/b><\/span><\/p>\n<p class=\"p5\"><span class=\"s2\">Para poder gestionar el uso de las cookies de nuestra p\u00e1gina web, puedes seguir las siguientes indicaciones. Cada navegador tiene sus propias pautas para configurar las cookies, por lo que debes seguir las indicaciones del navegador que se est\u00e9 empleando. <\/span><\/p>\n<p class=\"p5\"><span class=\"s2\">Te damos algunos medios alternativos para que gestiones las cookies y que pueden ser de utilidad. Recuerda que puede que la p\u00e1gina no funcione adecuadamente si bloqueas las cookies. Si es asi es posible que aparezca un mensaje en el navegador indicando que es necesario habilitar las cookies para que funcione. <\/span><\/p>\n<p class=\"p7\"><span class=\"s2\"><b>Modo de navegaci\u00f3n privado<\/b><\/span><\/p>\n<p class=\"p5\"><span class=\"s2\">Puedes emplear el modo de navegaci\u00f3n privado o incognito que permiten la mayor\u00eda de los navegadores del mercado. <\/span><\/p>\n<p class=\"p5\"><span class=\"s2\">Cuando usas el modo privado, evitas que se guarden los sitios visitados, que se almacenen cookies de rastreo, que se guarde el historial de descargas o que se archiven dato de inicio de sesi\u00f3n. No se guardan contrase\u00f1as o informaci\u00f3n de formularios.<\/span><\/p>\n<p class=\"p5\"><span class=\"s2\">Lo que no se evita es que el proveedor de internet conozca los accesos. La IP empleada por el usuario sigue siendo visite. El acceso en modo privado no protege frente a ataques.<\/span><\/p>\n<p class=\"p5\"><span class=\"s2\">Para acceder a navegaci\u00f3n privada, en Chrome desde la herramienta de configuraci\u00f3n accede a \u201cNueva ventana de inc\u00f3gnito\u201d; en Edge desde la herramienta de configuraci\u00f3n accede a \u201cVentana InPrivate Nueva\u201d; en Firefox el acceso se realiza desde Herramientas accede \u201cNueva ventana privada\u201d; en IE 11 desde Herramientas acceder a Seguridad y despu\u00e9s accede \u201cNavegaci\u00f3n InPrivate\u201d, en Opera puedes acceder desde el Men\u00fa y accediendo a \u201cNueva ventana privada\u201d:<\/span><\/p>\n<p class=\"p7\"><span class=\"s2\"><b>Herramientas <\/b><\/span><\/p>\n<p class=\"p5\"><span class=\"s2\">Existen m\u00faltiples herramientas en el mercado que pueden ayudarte a gestionar las cookies. Estas herramientas est\u00e1n dise\u00f1adas para evitar el funcionamiento de cookies o que se bloqueen sus funciones. Por ejemplo <a href=\"http:\/\/www.ghostery.com\/download\"><span class=\"s5\">Ghostery<\/span><\/a><span class=\"Apple-converted-space\">\u00a0 <\/span>o <a href=\"https:\/\/www.abine.com\/dntdetail.php\"><span class=\"s5\">Do Not Track Me<\/span><\/a>. <\/span><\/p>\n<p class=\"p5\"><span class=\"s2\">Puedes realizar un bloqueo de cookies comportamentales (de otras webs porque nosotros no las usamos) mediante la plataforma de exclusi\u00f3n publicada en <a href=\"http:\/\/www.youronlinechoices.com\/es\/preferencias\/\"><span class=\"s3\">http:\/\/www.youronlinechoices.com\/es\/preferencias\/<\/span><\/a>\u00a0<\/span><\/p>\n<p class=\"p7\"><span class=\"s2\"><b>Configurar navegadores<\/b><\/span><\/p>\n<p class=\"p7\"><span class=\"s2\"><b>Google Chrome<\/b><\/span><\/p>\n<p class=\"p5\"><span class=\"s2\">Vaya a Configuraci\u00f3n o Preferencias mediante el men\u00fa Archivo o bien pinchando el icono de personalizaci\u00f3n que aparece arriba a la derecha (tres puntos colocados en vertical). Ver\u00e1 diferentes secciones, pinche la opci\u00f3n Mostrar opciones avanzadas o Configuraci\u00f3n Avanzada. Vaya a Privacidad y Seguridad, Configuraci\u00f3n de contenido.<\/span><\/p>\n<p class=\"p5\"><span class=\"s2\">Seleccione Todas las cookies y los datos de sitios. Por defecto puede dejar predefinido en el navegador el bloqueo de cookies. Solo tiene que definir \u201cCon bloqueo\u201d.<\/span><\/p>\n<p class=\"p5\"><span class=\"s2\">Tambi\u00e9n puede filtrar mediante \u201cVer todas las cookies y todos los datos del sitio web\u201d. Aparecer\u00e1 un listado con todas las cookies ordenadas por dominio, pudiendo filtrar mediante buscador. Ahora s\u00f3lo tiene que seleccionar o bloquear las cookies que desee.\u00a0<\/span><\/p>\n<p class=\"p7\"><span class=\"s2\"><b>Microsoft Internet Explorer <\/b><\/span><\/p>\n<p class=\"p5\"><span class=\"s2\">Al abrir el navegador, vaya a \u201c<i>herramientas<\/i>\u201d en la parte superior y selecciona la pesta\u00f1a de \u201c<i>opciones<\/i>\u201d de internet. Revisa la pesta\u00f1a de \u201c<i>Privacidad<\/i>\u201d asegur\u00e1ndote est\u00e1 configurada con un nivel de seguridad medio o inferior. Si la configuraci\u00f3n de Internet no es media se estar\u00e1n bloqueando las cookies.<\/span><\/p>\n<p class=\"p7\"><span class=\"s2\"><b>Mozilla Firefox<\/b><\/span><\/p>\n<p class=\"p5\"><span class=\"s2\">Al abrir el navegador, pincha \u201c<i>herramientas\u201d<\/i> en la parte superior. En las versiones m\u00e1s avanzadas puede aparecer representado como tres l\u00edneas en la parte derecha superior del navegador. Selecciona la pesta\u00f1a de \u201c<i>opciones<\/i>\u201d. Selecciona el icono de Privacidad &amp; Seguridad. Pincha en cookies, y datos del sitio. Selecciona las opciones que se presentan seg\u00fan tus preferencias \u2013 limpiar datos, administrador datos, excepcione-.<span class=\"Apple-converted-space\">\u00a0 <\/span>Puedes aceptar, dejar predefinido hasta cuando mantener, o bloquear las cookies. <\/span><\/p>\n<p class=\"p7\"><span class=\"s2\"><b>Safari<\/b><\/span><\/p>\n<p class=\"p5\"><span class=\"s2\">Al abrir el navegador, pincha \u201c<i>herramientas<\/i>\u201d en la parte superior y selecciona la pesta\u00f1a de \u201c<i>opciones<\/i>\u201d. Pincha en la pesta\u00f1a de \u201c<i>Seguridad<\/i>\u201d y revisa si la opci\u00f3n \u201c<i>Bloquear cookies<\/i>\u201d est\u00e1 marcada o no. Pincha en \u201c<i>guardar<\/i>\u201d.<\/span><\/p>\n<p class=\"p9\"><span class=\"s2\"><b>La instalaci\u00f3n de cookies en Mac<\/b><\/span><\/p>\n<p class=\"p5\"><span class=\"s2\">Si tienes un Mac y quieres gestionar las cookies sigue las siguientes instrucciones:<\/span><\/p>\n<p class=\"p7\"><span class=\"s2\"><b>Microsoft Internet Explorer OSX<\/b><\/span><\/p>\n<p class=\"p5\"><span class=\"s2\">Entre en \u201c<i>Explorer<\/i>\u201d y selecciona \u201c<i>Preferencias<\/i>\u201d en la barra de navegaci\u00f3n.<span class=\"Apple-converted-space\">\u00a0 <\/span>Haciendo scroll hacia abajo se podr\u00e1 ver \u201c<i>Cookies<\/i>\u201d debajo de archivos recibidos. Marque \u201c<i>No volver a preguntar<\/i>\u201d.<\/span><\/p>\n<p class=\"p7\"><span class=\"s2\"><b>Safari en OSX<\/b><\/span><\/p>\n<p class=\"p5\"><span class=\"s2\">Entra en el navegador Safari y seleccione \u201c<i>Preferencias<\/i>\u201d en la barra de navegaci\u00f3n. Acuda a la pesta\u00f1a de \u201c<i>Seguridad<\/i>\u201d y use la opci\u00f3n \u201c<i>aceptar cookies<\/i>\u201d.<span class=\"Apple-converted-space\">\u00a0 <\/span>Seleccione la opci\u00f3n: \u201c<i>S\u00f3lo desde el site actual en que estoy navegando<\/i>\u201d<\/span><\/p>\n<p class=\"p7\"><span class=\"s2\"><b>Mozilla y Netscape en OSX<\/b><\/span><\/p>\n<p class=\"p5\"><span class=\"s2\">Acceda a \u201c<i>Mozilla<\/i>\u201d o \u201c<i>Netscape<\/i>\u201d y en la parte superior del navegador, ver\u00e1 la opci\u00f3n de \u201c<i>Preferencias<\/i>\u201d. Haz scroll hacia abajo hasta que pueda verse \u201c<i>Cookies<\/i>\u201d debajo de <i>\u201cPrivacidad y Seguridad\u201d.<\/i> Use la opci\u00f3n <i>\u201cPermitir el acceso de cookies s\u00f3lo desde el site actual\u201d<\/i><\/span><\/p>\n<p class=\"p7\"><span class=\"s2\"><b>Opera<\/b><\/span><\/p>\n<p class=\"p5\"><span class=\"s2\">Entre en<i> el navegador \u201cOpera\u201d <\/i>y seleccione<i> \u201cMen\u00fa\u201d<\/i> y <i>\u201cAjustes\u201d<\/i> en la barra de navegaci\u00f3n. Seleccione<i> \u201cPreferencias\u201d <\/i>y use la pesta\u00f1a de \u201c<i>Avanzado\u201d. <\/i>Use la opci\u00f3n <i>\u201cAceptar cookies\u201d. <\/i><\/span><\/p>\n<p class=\"p10\"><span class=\"s2\"><b>Informaci\u00f3n de Cookies en otros dispositivos<\/b><\/span><\/p>\n<p class=\"p5\"><span class=\"s6\"><i>Dispositivos Android<\/i><\/span><\/p>\n<p class=\"p5\"><span class=\"s2\">Ejecute el navegador y pulse la tecla Men\u00fa, luego Ajustes. Vaya a Seguridad y Privacidad, y acuda a la opci\u00f3n Aceptar cookies para que active o desactive la casilla.<\/span><\/p>\n<p class=\"p5\"><span class=\"s6\"><i>Dispositivos Apple<\/i><\/span><\/p>\n<p class=\"p5\"><span class=\"s2\">Para activar o desactivar el bloqueo de cookies de Safari, pulsa Ajustes &gt; Safari &gt; Bloquear todas las cookies.<\/span><\/p>\n<p class=\"p5\"><span class=\"s2\">Para borrar el historial y las cookies, puedes ir a Ajustes &gt; Safari &gt; Borrar historial y datos de sitios web. <\/span><\/p>\n<p class=\"p5\"><span class=\"s2\">Para borrar las cookies y mantener el historial, vaya a Ajustes &gt; Safari &gt; Avanzado &gt; Datos de sitios web &gt; Eliminar todos los datos. <\/span><\/p>\n<p class=\"p5\"><span class=\"s2\">Para visitar sitios sin dejar un historial, solo debe activar o desactivar la navegaci\u00f3n privada. <\/span><\/p>\n<p class=\"p5\"><span class=\"s2\">M\u00e1s informaci\u00f3n aqu\u00ed <a href=\"https:\/\/support.apple.com\/es-es\/HT201265\"><span class=\"s5\">https:\/\/support.apple.com\/es-es\/HT201265<\/span><\/a>\u00a0<\/span><\/p>\n<p class=\"p9\"><span class=\"s2\"><b>M\u00e1s informaci\u00f3n del desarrollador<\/b><\/span><\/p>\n<p class=\"p5\"><span class=\"s2\"><b><i>Chrome<\/i><\/b><i>: Como administrar cookies y datos de sitios <\/i><a href=\"http:\/\/support.google.com\/chrome\/bin\/answer.py?hl=es&amp;answer=95647\"><span class=\"s5\">http:\/\/support.google.com\/chrome\/bin\/answer.py?hl=es&amp;answer=95647<\/span><\/a><\/span><\/p>\n<p class=\"p5\"><span class=\"s2\"><b><i>Firefox<\/i><\/b><i>: Configuraci\u00f3n de la privacidad, el historial de navegaci\u00f3n y la funci\u00f3n no quiero ser rastreado <\/i><a href=\"http:\/\/support.mozilla.org\/es\/kb\/configuracion-de-la-privacidad-el-historial-de-nav?redirectlocale=es&amp;as=u&amp;redirectslug=Ventana+Opciones+-+Panel+Privacidad\"><span class=\"s5\"><i>http:\/\/support.mozilla.org\/es\/kb\/configuracion-de-la-privacidad-el-historial-de-nav?redirectlocale=es&amp;as=u&amp;redirectslug=Ventana+Opciones+-+Panel+Privacidad#w_rastrear<\/i><\/span><\/a><\/span><\/p>\n<p class=\"p5\"><span class=\"s2\"><b><i>Internet<\/i><\/b><i> <\/i><b><i>Explorer<\/i><\/b><i>: Como administrar cookies en Internet Explorer 10\u00a0<\/i><a href=\"http:\/\/windows.microsoft.com\/es-xl\/internet-explorer\/delete-manage-cookies#ie=ie-10\"><span class=\"s5\"><i>http:\/\/windows.microsoft.com\/es-xl\/internet-explorer\/delete-manage-cookies#ie=ie-10<\/i><\/span><\/a><i>. Como administrar cookies en Internet Explorer 11\u00a0<\/i><a href=\"http:\/\/windows.microsoft.com\/es-xl\/internet-explorer\/delete-manage-cookies#ie=ie-11\"><span class=\"s5\"><i>http:\/\/windows.microsoft.com\/es-xl\/internet-explorer\/delete-manage-cookies#ie=ie-11<\/i><\/span><\/a><\/span><\/p>\n<p class=\"p5\"><span class=\"s2\"><b><i>Opera<\/i><\/b><i>: Cookies\u00a0<\/i><a href=\"http:\/\/help.opera.com\/Windows\/12.10\/es-ES\/cookies.html\"><span class=\"s5\"><i>http:\/\/help.opera.com\/Windows\/12.10\/es-ES\/cookies.HTML<\/i><\/span><\/a><\/span><\/p>\n<p class=\"p5\"><span class=\"s2\"><b><i>Safari<\/i><\/b><i>:<span class=\"Apple-converted-space\">\u00a0 <\/span><\/i><a href=\"http:\/\/support.apple.com\/kb\/PH5042\"><span class=\"s5\"><i>http:\/\/support.apple.com\/kb\/PH5042<\/i><\/span><\/a><\/span><\/p>\n<p class=\"p12\"><span class=\"s2\"><b><i>Si necesitas m\u00e1s informaci\u00f3n, por favor consulta con nosotros en <\/i><\/b><a href=\"mailto:rgpd@sorigue.com\"><span class=\"s7\"><b><i>rgpd@sorigue.com<\/i><\/b><\/span><\/a><\/span><\/p>\n<p class=\"p13\"><span class=\"s2\">FECHA DE POL\u00cdTICA 05\/09\/2018<\/span><\/p>\n","protected":false},"excerpt":{"rendered":"<p>Pol\u00edtica de Cookies Nuestra p\u00e1gina, utiliza cookies de terceros. Las cookies las usamos para realizar ciertos an\u00e1lisis de la web, y sacar estad\u00edsticas, poder adaptar los elementos presentados y analizar la funcionalidad de alguna de las secciones. Aqu\u00ed te vamos a explicar que son las cookies. Adem\u00e1s, te daremos informaci\u00f3n sobre las cookies que usamos, &#8230; <a title=\"Pol\u00edtica de Cookies\" class=\"read-more\" href=\"https:\/\/www.segriapap.cat\/es\/politica-de-cookies\/\" aria-label=\"Leer m\u00e1s sobre Pol\u00edtica de Cookies\">Leer m\u00e1s<\/a><\/p>\n","protected":false},"author":1,"featured_media":0,"parent":0,"menu_order":0,"comment_status":"closed","ping_status":"closed","template":"","meta":{"_acf_changed":false,"footnotes":""},"class_list":["post-1483","page","type-page","status-publish"],"acf":[],"_links":{"self":[{"href":"https:\/\/www.segriapap.cat\/es\/wp-json\/wp\/v2\/pages\/1483","targetHints":{"allow":["GET"]}}],"collection":[{"href":"https:\/\/www.segriapap.cat\/es\/wp-json\/wp\/v2\/pages"}],"about":[{"href":"https:\/\/www.segriapap.cat\/es\/wp-json\/wp\/v2\/types\/page"}],"author":[{"embeddable":true,"href":"https:\/\/www.segriapap.cat\/es\/wp-json\/wp\/v2\/users\/1"}],"replies":[{"embeddable":true,"href":"https:\/\/www.segriapap.cat\/es\/wp-json\/wp\/v2\/comments?post=1483"}],"version-history":[{"count":5,"href":"https:\/\/www.segriapap.cat\/es\/wp-json\/wp\/v2\/pages\/1483\/revisions"}],"predecessor-version":[{"id":1926,"href":"https:\/\/www.segriapap.cat\/es\/wp-json\/wp\/v2\/pages\/1483\/revisions\/1926"}],"wp:attachment":[{"href":"https:\/\/www.segriapap.cat\/es\/wp-json\/wp\/v2\/media?parent=1483"}],"curies":[{"name":"wp","href":"https:\/\/api.w.org\/{rel}","templated":true}]}}